{"id":52,"date":"2024-11-18T14:05:49","date_gmt":"2024-11-18T14:05:49","guid":{"rendered":"https:\/\/www.nextpremiumpils.be\/?page_id=52"},"modified":"2025-05-13T08:40:24","modified_gmt":"2025-05-13T08:40:24","slug":"contact","status":"publish","type":"page","link":"https:\/\/www.nextpremiumpils.be\/nl\/contact\/","title":{"rendered":"Contact"},"content":{"rendered":"<style>.elementor-52 .elementor-element.elementor-element-ea5846d{--display:flex;--margin-top:100px;--margin-bottom:0px;--margin-left:0px;--margin-right:0px;--padding-top:100px;--padding-bottom:100px;--padding-left:0px;--padding-right:0px;}.elementor-52 .elementor-element.elementor-element-ea5846d:not(.elementor-motion-effects-element-type-background), .elementor-52 .elementor-element.elementor-element-ea5846d > .elementor-motion-effects-container > .elementor-motion-effects-layer{background-image:url(\"https:\/\/www.nextpremiumpils.be\/wp-content\/uploads\/2024\/11\/next-33-1.png\");}.elementor-widget-heading .elementor-heading-title{font-family:var( --e-global-typography-primary-font-family ), Sans-serif;font-weight:var( --e-global-typography-primary-font-weight );color:var( --e-global-color-primary );}.elementor-52 .elementor-element.elementor-element-32bbe2d > .elementor-widget-container{background-color:#FFFFFF;padding:25px 25px 25px 25px;}.elementor-52 .elementor-element.elementor-element-32bbe2d .elementor-heading-title{font-family:\"Roboto\", Sans-serif;font-size:72px;font-weight:600;color:#000000;}.elementor-widget-form .elementor-field-group > label, .elementor-widget-form .elementor-field-subgroup label{color:var( --e-global-color-text );}.elementor-widget-form .elementor-field-group > label{font-family:var( --e-global-typography-text-font-family ), Sans-serif;font-weight:var( --e-global-typography-text-font-weight );}.elementor-widget-form .elementor-field-type-html{color:var( --e-global-color-text );font-family:var( --e-global-typography-text-font-family ), Sans-serif;font-weight:var( --e-global-typography-text-font-weight );}.elementor-widget-form .elementor-field-group .elementor-field{color:var( --e-global-color-text );}.elementor-widget-form .elementor-field-group .elementor-field, .elementor-widget-form .elementor-field-subgroup label{font-family:var( --e-global-typography-text-font-family ), Sans-serif;font-weight:var( --e-global-typography-text-font-weight );}.elementor-widget-form .elementor-button{font-family:var( --e-global-typography-accent-font-family ), Sans-serif;font-weight:var( --e-global-typography-accent-font-weight );}.elementor-widget-form .e-form__buttons__wrapper__button-next{background-color:var( --e-global-color-accent );}.elementor-widget-form .elementor-button[type=\"submit\"]{background-color:var( --e-global-color-accent );}.elementor-widget-form .e-form__buttons__wrapper__button-previous{background-color:var( --e-global-color-accent );}.elementor-widget-form .elementor-message{font-family:var( --e-global-typography-text-font-family ), Sans-serif;font-weight:var( --e-global-typography-text-font-weight );}.elementor-widget-form .e-form__indicators__indicator, .elementor-widget-form .e-form__indicators__indicator__label{font-family:var( --e-global-typography-accent-font-family ), Sans-serif;font-weight:var( --e-global-typography-accent-font-weight );}.elementor-widget-form{--e-form-steps-indicator-inactive-primary-color:var( --e-global-color-text );--e-form-steps-indicator-active-primary-color:var( --e-global-color-accent );--e-form-steps-indicator-completed-primary-color:var( --e-global-color-accent );--e-form-steps-indicator-progress-color:var( --e-global-color-accent );--e-form-steps-indicator-progress-background-color:var( --e-global-color-text );--e-form-steps-indicator-progress-meter-color:var( --e-global-color-text );}.elementor-widget-form .e-form__indicators__indicator__progress__meter{font-family:var( --e-global-typography-accent-font-family ), Sans-serif;font-weight:var( --e-global-typography-accent-font-weight );}.elementor-52 .elementor-element.elementor-element-f7aed46 > .elementor-widget-container{background-color:#FFFFFF;margin:0px 0px 0px 0px;padding:25px 25px 25px 25px;}.elementor-52 .elementor-element.elementor-element-f7aed46 .elementor-field-group{padding-right:calc( 10px\/2 );padding-left:calc( 10px\/2 );margin-bottom:10px;}.elementor-52 .elementor-element.elementor-element-f7aed46 .elementor-form-fields-wrapper{margin-left:calc( -10px\/2 );margin-right:calc( -10px\/2 );margin-bottom:-10px;}.elementor-52 .elementor-element.elementor-element-f7aed46 .elementor-field-group.recaptcha_v3-bottomleft, .elementor-52 .elementor-element.elementor-element-f7aed46 .elementor-field-group.recaptcha_v3-bottomright{margin-bottom:0;}body.rtl .elementor-52 .elementor-element.elementor-element-f7aed46 .elementor-labels-inline .elementor-field-group > label{padding-left:0px;}body:not(.rtl) .elementor-52 .elementor-element.elementor-element-f7aed46 .elementor-labels-inline .elementor-field-group > label{padding-right:0px;}body .elementor-52 .elementor-element.elementor-element-f7aed46 .elementor-labels-above .elementor-field-group > label{padding-bottom:0px;}.elementor-52 .elementor-element.elementor-element-f7aed46 .elementor-field-type-html{padding-bottom:0px;}.elementor-52 .elementor-element.elementor-element-f7aed46 .elementor-field-group .elementor-field:not(.elementor-select-wrapper){background-color:#ffffff;}.elementor-52 .elementor-element.elementor-element-f7aed46 .elementor-field-group .elementor-select-wrapper select{background-color:#ffffff;}.elementor-52 .elementor-element.elementor-element-f7aed46 .e-form__buttons__wrapper__button-next{background-color:#000000;color:#ffffff;}.elementor-52 .elementor-element.elementor-element-f7aed46 .elementor-button[type=\"submit\"]{background-color:#000000;color:#ffffff;}.elementor-52 .elementor-element.elementor-element-f7aed46 .elementor-button[type=\"submit\"] svg *{fill:#ffffff;}.elementor-52 .elementor-element.elementor-element-f7aed46 .e-form__buttons__wrapper__button-previous{background-color:#000000;color:#ffffff;}.elementor-52 .elementor-element.elementor-element-f7aed46 .e-form__buttons__wrapper__button-next:hover{color:#ffffff;}.elementor-52 .elementor-element.elementor-element-f7aed46 .elementor-button[type=\"submit\"]:hover{color:#ffffff;}.elementor-52 .elementor-element.elementor-element-f7aed46 .elementor-button[type=\"submit\"]:hover svg *{fill:#ffffff;}.elementor-52 .elementor-element.elementor-element-f7aed46 .e-form__buttons__wrapper__button-previous:hover{color:#ffffff;}.elementor-52 .elementor-element.elementor-element-f7aed46{--e-form-steps-indicators-spacing:20px;--e-form-steps-indicator-padding:30px;--e-form-steps-indicator-inactive-secondary-color:#ffffff;--e-form-steps-indicator-active-secondary-color:#ffffff;--e-form-steps-indicator-completed-secondary-color:#ffffff;--e-form-steps-divider-width:1px;--e-form-steps-divider-gap:10px;}<\/style>\t\t<div data-elementor-type=\"wp-page\" data-elementor-id=\"52\" class=\"elementor elementor-52\" data-elementor-post-type=\"page\">\n\t\t\t\t<div class=\"elementor-element elementor-element-ea5846d e-flex e-con-boxed e-con e-parent\" data-id=\"ea5846d\" data-element_type=\"container\" data-settings=\"{&quot;background_background&quot;:&quot;classic&quot;}\">\n\t\t\t\t\t<div class=\"e-con-inner\">\n\t\t\t\t<div class=\"elementor-element elementor-element-32bbe2d elementor-widget elementor-widget-heading\" data-id=\"32bbe2d\" data-element_type=\"widget\" data-settings=\"{&quot;jc_floating_fx_translate_y&quot;:{&quot;unit&quot;:&quot;px&quot;,&quot;size&quot;:&quot;&quot;,&quot;sizes&quot;:[]}}\" data-widget_type=\"heading.default\">\n\t\t\t\t<div class=\"elementor-widget-container\">\n\t\t\t\t\t<h2 class=\"elementor-heading-title elementor-size-default\">Contact<\/h2>\t\t\t\t<\/div>\n\t\t\t\t<\/div>\n\t\t\t\t<div class=\"elementor-element elementor-element-f7aed46 elementor-button-align-stretch elementor-widget elementor-widget-form\" data-id=\"f7aed46\" data-element_type=\"widget\" data-settings=\"{&quot;step_next_label&quot;:&quot;Suivant&quot;,&quot;step_previous_label&quot;:&quot;Pr\\u00e9c\\u00e9dent&quot;,&quot;button_width&quot;:&quot;100&quot;,&quot;step_type&quot;:&quot;number_text&quot;,&quot;step_icon_shape&quot;:&quot;circle&quot;,&quot;jc_floating_fx_translate_y&quot;:{&quot;unit&quot;:&quot;px&quot;,&quot;size&quot;:&quot;&quot;,&quot;sizes&quot;:[]}}\" data-widget_type=\"form.default\">\n\t\t\t\t<div class=\"elementor-widget-container\">\n\t\t\t\t\t\t\t<form class=\"elementor-form\" method=\"post\" name=\"Nouveau formulaire\" aria-label=\"Nouveau formulaire\">\n\t\t\t<input type=\"hidden\" name=\"post_id\" value=\"52\"\/>\n\t\t\t<input type=\"hidden\" name=\"form_id\" value=\"f7aed46\"\/>\n\t\t\t<input type=\"hidden\" name=\"referer_title\" value=\"Contact - Next Premium Pils\" \/>\n\n\t\t\t\t\t\t\t<input type=\"hidden\" name=\"queried_id\" value=\"52\"\/>\n\t\t\t\n\t\t\t<div class=\"elementor-form-fields-wrapper elementor-labels-\">\n\t\t\t\t\t\t\t\t<div class=\"elementor-field-type-text elementor-field-group elementor-column elementor-field-group-name elementor-col-100 elementor-field-required\">\n\t\t\t\t\t\t\t\t\t\t\t\t<label for=\"form-field-name\" class=\"elementor-field-label elementor-screen-only\">\n\t\t\t\t\t\t\t\tNom\t\t\t\t\t\t\t<\/label>\n\t\t\t\t\t\t\t\t\t\t\t\t\t\t<input size=\"1\" type=\"text\" name=\"form_fields[name]\" id=\"form-field-name\" class=\"elementor-field elementor-size-sm  elementor-field-textual\" placeholder=\"Nom\" required=\"required\">\n\t\t\t\t\t\t\t\t\t\t\t<\/div>\n\t\t\t\t\t\t\t\t<div class=\"elementor-field-type-email elementor-field-group elementor-column elementor-field-group-email elementor-col-100 elementor-field-required\">\n\t\t\t\t\t\t\t\t\t\t\t\t<label for=\"form-field-email\" class=\"elementor-field-label elementor-screen-only\">\n\t\t\t\t\t\t\t\tE-mail\t\t\t\t\t\t\t<\/label>\n\t\t\t\t\t\t\t\t\t\t\t\t\t\t<input size=\"1\" type=\"email\" name=\"form_fields[email]\" id=\"form-field-email\" class=\"elementor-field elementor-size-sm  elementor-field-textual\" placeholder=\"E-mail\" required=\"required\">\n\t\t\t\t\t\t\t\t\t\t\t<\/div>\n\t\t\t\t\t\t\t\t<div class=\"elementor-field-type-textarea elementor-field-group elementor-column elementor-field-group-message elementor-col-100 elementor-field-required\">\n\t\t\t\t\t\t\t\t\t\t\t\t<label for=\"form-field-message\" class=\"elementor-field-label elementor-screen-only\">\n\t\t\t\t\t\t\t\tMessage\t\t\t\t\t\t\t<\/label>\n\t\t\t\t\t\t<textarea class=\"elementor-field-textual elementor-field  elementor-size-sm\" name=\"form_fields[message]\" id=\"form-field-message\" rows=\"4\" placeholder=\"Message\" required=\"required\"><\/textarea>\t\t\t\t<\/div>\n\t\t\t\t\t\t\t\t<div class=\"elementor-field-group elementor-column elementor-field-type-submit elementor-col-100 e-form__buttons\">\n\t\t\t\t\t<button class=\"elementor-button elementor-size-sm\" type=\"submit\">\n\t\t\t\t\t\t<span class=\"elementor-button-content-wrapper\">\n\t\t\t\t\t\t\t\t\t\t\t\t\t\t\t\t\t\t\t\t\t\t<span class=\"elementor-button-text\">Envoyer<\/span>\n\t\t\t\t\t\t\t\t\t\t\t\t\t<\/span>\n\t\t\t\t\t<\/button>\n\t\t\t\t<\/div>\n\t\t\t<\/div>\n\t\t<\/form>\n\t\t\t\t\t\t<\/div>\n\t\t\t\t<\/div>\n\t\t\t\t\t<\/div>\n\t\t\t\t<\/div>\n\t\t\t\t<\/div>\n\t\t","protected":false},"excerpt":{"rendered":"<p>Contact<\/p>","protected":false},"author":1,"featured_media":0,"parent":0,"menu_order":0,"comment_status":"closed","ping_status":"closed","template":"","meta":{"footnotes":""},"class_list":["post-52","page","type-page","status-publish","hentry"],"yoast_head":"<!-- This site is optimized with the Yoast SEO plugin v27.5 - https:\/\/yoast.com\/product\/yoast-seo-wordpress\/ -->\n<title>Contact - Next Premium Pils<\/title>\n<meta name=\"description\" content=\"Contactez-nous gr\u00e2ce \u00e0 notre formulaire pour soliciter l&#039;un de nos services. Notre \u00e9quipe est \u00e0 votre enti\u00e8re disposition.\" \/>\n<meta name=\"robots\" content=\"index, follow, max-snippet:-1, max-image-preview:large, max-video-preview:-1\" \/>\n<link rel=\"canonical\" href=\"https:\/\/www.nextpremiumpils.be\/nl\/contact\/\" \/>\n<meta property=\"og:locale\" content=\"nl_BE\" \/>\n<meta property=\"og:type\" content=\"article\" \/>\n<meta property=\"og:title\" content=\"Contact - Next Premium Pils\" \/>\n<meta property=\"og:description\" content=\"Contactez-nous gr\u00e2ce \u00e0 notre formulaire pour soliciter l&#039;un de nos services. Notre \u00e9quipe est \u00e0 votre enti\u00e8re disposition.\" \/>\n<meta property=\"og:url\" content=\"https:\/\/www.nextpremiumpils.be\/nl\/contact\/\" \/>\n<meta property=\"og:site_name\" content=\"Next Premium Pils\" \/>\n<meta property=\"article:publisher\" content=\"https:\/\/www.facebook.com\/profile.php?id=61556716918536\" \/>\n<meta property=\"article:modified_time\" content=\"2025-05-13T08:40:24+00:00\" \/>\n<meta name=\"twitter:card\" content=\"summary_large_image\" \/>\n<meta name=\"twitter:label1\" content=\"Geschatte leestijd\" \/>\n\t<meta name=\"twitter:data1\" content=\"1 minuut\" \/>\n<script type=\"application\/ld+json\" class=\"yoast-schema-graph\">{\"@context\":\"https:\\\/\\\/schema.org\",\"@graph\":[{\"@type\":\"WebPage\",\"@id\":\"https:\\\/\\\/www.nextpremiumpils.be\\\/contact\\\/\",\"url\":\"https:\\\/\\\/www.nextpremiumpils.be\\\/contact\\\/\",\"name\":\"Contact - Next Premium Pils\",\"isPartOf\":{\"@id\":\"https:\\\/\\\/www.nextpremiumpils.be\\\/#website\"},\"datePublished\":\"2024-11-18T14:05:49+00:00\",\"dateModified\":\"2025-05-13T08:40:24+00:00\",\"description\":\"Contactez-nous gr\u00e2ce \u00e0 notre formulaire pour soliciter l'un de nos services. Notre \u00e9quipe est \u00e0 votre enti\u00e8re disposition.\",\"breadcrumb\":{\"@id\":\"https:\\\/\\\/www.nextpremiumpils.be\\\/contact\\\/#breadcrumb\"},\"inLanguage\":\"nl-BE\",\"potentialAction\":[{\"@type\":\"ReadAction\",\"target\":[\"https:\\\/\\\/www.nextpremiumpils.be\\\/contact\\\/\"]}]},{\"@type\":\"BreadcrumbList\",\"@id\":\"https:\\\/\\\/www.nextpremiumpils.be\\\/contact\\\/#breadcrumb\",\"itemListElement\":[{\"@type\":\"ListItem\",\"position\":1,\"name\":\"Accueil\",\"item\":\"https:\\\/\\\/www.nextpremiumpils.be\\\/\"},{\"@type\":\"ListItem\",\"position\":2,\"name\":\"Contact\"}]},{\"@type\":\"WebSite\",\"@id\":\"https:\\\/\\\/www.nextpremiumpils.be\\\/#website\",\"url\":\"https:\\\/\\\/www.nextpremiumpils.be\\\/\",\"name\":\"Next Premium Pils\",\"description\":\"La bi\u00e8re \u00e0 prix cass\u00e9\",\"publisher\":{\"@id\":\"https:\\\/\\\/www.nextpremiumpils.be\\\/#organization\"},\"potentialAction\":[{\"@type\":\"SearchAction\",\"target\":{\"@type\":\"EntryPoint\",\"urlTemplate\":\"https:\\\/\\\/www.nextpremiumpils.be\\\/?s={search_term_string}\"},\"query-input\":{\"@type\":\"PropertyValueSpecification\",\"valueRequired\":true,\"valueName\":\"search_term_string\"}}],\"inLanguage\":\"nl-BE\"},{\"@type\":\"Organization\",\"@id\":\"https:\\\/\\\/www.nextpremiumpils.be\\\/#organization\",\"name\":\"Next Premium Pils\",\"url\":\"https:\\\/\\\/www.nextpremiumpils.be\\\/\",\"logo\":{\"@type\":\"ImageObject\",\"inLanguage\":\"nl-BE\",\"@id\":\"https:\\\/\\\/www.nextpremiumpils.be\\\/#\\\/schema\\\/logo\\\/image\\\/\",\"url\":\"https:\\\/\\\/www.nextpremiumpils.be\\\/wp-content\\\/uploads\\\/2024\\\/11\\\/Logo-Next.png\",\"contentUrl\":\"https:\\\/\\\/www.nextpremiumpils.be\\\/wp-content\\\/uploads\\\/2024\\\/11\\\/Logo-Next.png\",\"width\":2284,\"height\":556,\"caption\":\"Next Premium Pils\"},\"image\":{\"@id\":\"https:\\\/\\\/www.nextpremiumpils.be\\\/#\\\/schema\\\/logo\\\/image\\\/\"},\"sameAs\":[\"https:\\\/\\\/www.facebook.com\\\/profile.php?id=61556716918536\",\"https:\\\/\\\/www.instagram.com\\\/nextpremiumpils\"]}]}<\/script>\n<!-- \/ Yoast SEO plugin. -->","yoast_head_json":{"title":"Contact - Next Premium Pils","description":"Contactez-nous gr\u00e2ce \u00e0 notre formulaire pour soliciter l'un de nos services. Notre \u00e9quipe est \u00e0 votre enti\u00e8re disposition.","robots":{"index":"index","follow":"follow","max-snippet":"max-snippet:-1","max-image-preview":"max-image-preview:large","max-video-preview":"max-video-preview:-1"},"canonical":"https:\/\/www.nextpremiumpils.be\/nl\/contact\/","og_locale":"nl_BE","og_type":"article","og_title":"Contact - Next Premium Pils","og_description":"Contactez-nous gr\u00e2ce \u00e0 notre formulaire pour soliciter l'un de nos services. Notre \u00e9quipe est \u00e0 votre enti\u00e8re disposition.","og_url":"https:\/\/www.nextpremiumpils.be\/nl\/contact\/","og_site_name":"Next Premium Pils","article_publisher":"https:\/\/www.facebook.com\/profile.php?id=61556716918536","article_modified_time":"2025-05-13T08:40:24+00:00","twitter_card":"summary_large_image","twitter_misc":{"Geschatte leestijd":"1 minuut"},"schema":{"@context":"https:\/\/schema.org","@graph":[{"@type":"WebPage","@id":"https:\/\/www.nextpremiumpils.be\/contact\/","url":"https:\/\/www.nextpremiumpils.be\/contact\/","name":"Contact - Next Premium Pils","isPartOf":{"@id":"https:\/\/www.nextpremiumpils.be\/#website"},"datePublished":"2024-11-18T14:05:49+00:00","dateModified":"2025-05-13T08:40:24+00:00","description":"Contactez-nous gr\u00e2ce \u00e0 notre formulaire pour soliciter l'un de nos services. Notre \u00e9quipe est \u00e0 votre enti\u00e8re disposition.","breadcrumb":{"@id":"https:\/\/www.nextpremiumpils.be\/contact\/#breadcrumb"},"inLanguage":"nl-BE","potentialAction":[{"@type":"ReadAction","target":["https:\/\/www.nextpremiumpils.be\/contact\/"]}]},{"@type":"BreadcrumbList","@id":"https:\/\/www.nextpremiumpils.be\/contact\/#breadcrumb","itemListElement":[{"@type":"ListItem","position":1,"name":"Accueil","item":"https:\/\/www.nextpremiumpils.be\/"},{"@type":"ListItem","position":2,"name":"Contact"}]},{"@type":"WebSite","@id":"https:\/\/www.nextpremiumpils.be\/#website","url":"https:\/\/www.nextpremiumpils.be\/","name":"Next Premium Pils","description":"La bi\u00e8re \u00e0 prix cass\u00e9","publisher":{"@id":"https:\/\/www.nextpremiumpils.be\/#organization"},"potentialAction":[{"@type":"SearchAction","target":{"@type":"EntryPoint","urlTemplate":"https:\/\/www.nextpremiumpils.be\/?s={search_term_string}"},"query-input":{"@type":"PropertyValueSpecification","valueRequired":true,"valueName":"search_term_string"}}],"inLanguage":"nl-BE"},{"@type":"Organization","@id":"https:\/\/www.nextpremiumpils.be\/#organization","name":"Next Premium Pils","url":"https:\/\/www.nextpremiumpils.be\/","logo":{"@type":"ImageObject","inLanguage":"nl-BE","@id":"https:\/\/www.nextpremiumpils.be\/#\/schema\/logo\/image\/","url":"https:\/\/www.nextpremiumpils.be\/wp-content\/uploads\/2024\/11\/Logo-Next.png","contentUrl":"https:\/\/www.nextpremiumpils.be\/wp-content\/uploads\/2024\/11\/Logo-Next.png","width":2284,"height":556,"caption":"Next Premium Pils"},"image":{"@id":"https:\/\/www.nextpremiumpils.be\/#\/schema\/logo\/image\/"},"sameAs":["https:\/\/www.facebook.com\/profile.php?id=61556716918536","https:\/\/www.instagram.com\/nextpremiumpils"]}]}},"_links":{"self":[{"href":"https:\/\/www.nextpremiumpils.be\/nl\/wp-json\/wp\/v2\/pages\/52","targetHints":{"allow":["GET"]}}],"collection":[{"href":"https:\/\/www.nextpremiumpils.be\/nl\/wp-json\/wp\/v2\/pages"}],"about":[{"href":"https:\/\/www.nextpremiumpils.be\/nl\/wp-json\/wp\/v2\/types\/page"}],"author":[{"embeddable":true,"href":"https:\/\/www.nextpremiumpils.be\/nl\/wp-json\/wp\/v2\/users\/1"}],"replies":[{"embeddable":true,"href":"https:\/\/www.nextpremiumpils.be\/nl\/wp-json\/wp\/v2\/comments?post=52"}],"version-history":[{"count":22,"href":"https:\/\/www.nextpremiumpils.be\/nl\/wp-json\/wp\/v2\/pages\/52\/revisions"}],"predecessor-version":[{"id":207,"href":"https:\/\/www.nextpremiumpils.be\/nl\/wp-json\/wp\/v2\/pages\/52\/revisions\/207"}],"wp:attachment":[{"href":"https:\/\/www.nextpremiumpils.be\/nl\/wp-json\/wp\/v2\/media?parent=52"}],"curies":[{"name":"wp","href":"https:\/\/api.w.org\/{rel}","templated":true}]}}