{"id":48,"date":"2024-11-18T14:05:28","date_gmt":"2024-11-18T14:05:28","guid":{"rendered":"https:\/\/www.nextpremiumpils.be\/?page_id=48"},"modified":"2024-11-21T09:34:30","modified_gmt":"2024-11-21T09:34:30","slug":"cookies","status":"publish","type":"page","link":"https:\/\/www.nextpremiumpils.be\/nl\/cookies\/","title":{"rendered":"Cookies"},"content":{"rendered":"<style>.elementor-48 .elementor-element.elementor-element-32588728{--display:flex;--margin-top:120px;--margin-bottom:0px;--margin-left:0px;--margin-right:0px;}.elementor-widget-text-editor{font-family:var( --e-global-typography-text-font-family ), Sans-serif;font-weight:var( --e-global-typography-text-font-weight );color:var( --e-global-color-text );}.elementor-widget-text-editor.elementor-drop-cap-view-stacked .elementor-drop-cap{background-color:var( --e-global-color-primary );}.elementor-widget-text-editor.elementor-drop-cap-view-framed .elementor-drop-cap, .elementor-widget-text-editor.elementor-drop-cap-view-default .elementor-drop-cap{color:var( --e-global-color-primary );border-color:var( --e-global-color-primary );}<\/style>\t\t<div data-elementor-type=\"wp-page\" data-elementor-id=\"48\" class=\"elementor elementor-48\" data-elementor-post-type=\"page\">\n\t\t\t\t<div class=\"elementor-element elementor-element-32588728 e-flex e-con-boxed e-con e-parent\" data-id=\"32588728\" data-element_type=\"container\">\n\t\t\t\t\t<div class=\"e-con-inner\">\n\t\t\t\t<div class=\"elementor-element elementor-element-20c113b0 elementor-widget elementor-widget-text-editor\" data-id=\"20c113b0\" data-element_type=\"widget\" data-settings=\"{&quot;jc_floating_fx_translate_y&quot;:{&quot;unit&quot;:&quot;px&quot;,&quot;size&quot;:&quot;&quot;,&quot;sizes&quot;:[]}}\" data-widget_type=\"text-editor.default\">\n\t\t\t\t<div class=\"elementor-widget-container\">\n\t\t\t\t\t\t\t\t\t<p>Ce site web utilise des cookies. Les cookies nous permettent de personnaliser le contenu et les annonces, d&#8217;offrir des fonctionnalit\u00e9s relatives aux m\u00e9dias sociaux et d&#8217;analyser notre trafic. Nous partageons \u00e9galement des informations sur l&#8217;utilisation de notre site avec nos partenaires de m\u00e9dias sociaux, de publicit\u00e9 et d&#8217;analyse, qui peuvent combiner celles-ci avec d&#8217;autres informations que vous leur avez fournies ou qu&#8217;ils ont collect\u00e9es lors de votre utilisation de leurs services.<\/p><p>Les cookies sont des petits fichiers textes qui peuvent \u00eatre utilis\u00e9s par les sites web pour rendre l&#8217;exp\u00e9rience utilisateur plus efficace.<\/p><p>La loi stipule que nous ne pouvons stocker des cookies sur votre appareil que s\u2019ils sont strictement n\u00e9cessaires au fonctionnement de ce site. Pour tous les autres types de cookies, nous avons besoin de votre permission.<\/p><p>Ce site utilise diff\u00e9rents types de cookies. Certains cookies sont plac\u00e9s par les services tiers qui apparaissent sur nos pages.<\/p><p>\u00c0 tout moment, vous pouvez modifier ou retirer votre consentement d\u00e8s la D\u00e9claration relative aux cookies sur notre site web.<\/p><p>D\u00e9claration relative aux cookies mise \u00e0 jour le 18\/11\/2024 par\u00a0<a href=\"https:\/\/www.cookiebot.com\/\">Cookiebot<\/a>:<\/p><p><strong>N\u00e9cessaires (4)<\/strong><\/p><p>Les cookies n\u00e9cessaires contribuent \u00e0 rendre un site web utilisable en activant des fonctions de base comme la navigation de page et l&#8217;acc\u00e8s aux zones s\u00e9curis\u00e9es du site web. Le site web ne peut pas fonctionner correctement sans ces cookies.<\/p><table width=\"624\"><thead><tr><td><strong>Naam<\/strong><\/td><td><strong>Fournisseur<\/strong><\/td><td><strong>Finalit\u00e9<\/strong><\/td><td><strong>Dur\u00e9e maximale de conservation<\/strong><\/td><td><strong>Type<\/strong><\/td><\/tr><\/thead><tbody><tr><td>CookieConsent<\/td><td>www.nextpremiumpils.be<\/td><td>Stocke l&#8217;autorisation d&#8217;utilisation de cookies pour le domaine actuel par l&#8217;utilisateur<\/td><td>1 ann\u00e9e<\/td><td>HTTP Cookie<\/td><\/tr><tr><td>o2s-chl<\/td><td>nextpremiumpils.be<\/td><td>Ce cookie est utilis\u00e9 pour distinguer les humains des robots.<\/td><td>1 jour<\/td><td>HTTP Cookie<\/td><\/tr><tr><td>PHPSESSID<\/td><td>www.nextpremiumpils.be<\/td><td>Conserve la configuration des param\u00e8tres des utilisateurs \u00e0 travers les demandes de page.<\/td><td>Session<\/td><td>HTTP Cookie<\/td><\/tr><tr><td>wpEmojiSettingsSupports<\/td><td>www.nextpremiumpils.be<\/td><td>Ce cookie fait part d&#8217;un ensemble de cookies qui servent \u00e0 la livraison et \u00e0 la pr\u00e9sentation de contenu. Les cookies conservent l&#8217;\u00e9tat correct de la police, des curseurs de blog \/ image, des th\u00e8mes de couleur et d&#8217;autres param\u00e8tres du site web.<\/td><td>Session<\/td><td>HTML Local Storage<\/td><\/tr><\/tbody><\/table>\t\t\t\t\t\t\t\t<\/div>\n\t\t\t\t<\/div>\n\t\t\t\t\t<\/div>\n\t\t\t\t<\/div>\n\t\t\t\t<\/div>","protected":false},"excerpt":{"rendered":"<p>Ce site web utilise des cookies. Les cookies nous permettent de personnaliser le contenu et les annonces, d&#8217;offrir des fonctionnalit\u00e9s relatives aux m\u00e9dias sociaux et d&#8217;analyser notre trafic. Nous partageons \u00e9galement des informations sur l&#8217;utilisation de notre site avec nos partenaires de m\u00e9dias sociaux, de publicit\u00e9 et d&#8217;analyse, qui peuvent combiner celles-ci avec d&#8217;autres informations [&hellip;]<\/p>\n","protected":false},"author":1,"featured_media":0,"parent":0,"menu_order":0,"comment_status":"closed","ping_status":"closed","template":"","meta":{"footnotes":""},"class_list":["post-48","page","type-page","status-publish","hentry"],"yoast_head":"<!-- This site is optimized with the Yoast SEO plugin v27.5 - https:\/\/yoast.com\/product\/yoast-seo-wordpress\/ -->\n<title>Cookies - Next Premium Pils<\/title>\n<meta name=\"robots\" content=\"index, follow, max-snippet:-1, max-image-preview:large, max-video-preview:-1\" \/>\n<link rel=\"canonical\" href=\"https:\/\/www.nextpremiumpils.be\/nl\/cookies\/\" \/>\n<meta property=\"og:locale\" content=\"nl_BE\" \/>\n<meta property=\"og:type\" content=\"article\" \/>\n<meta property=\"og:title\" content=\"Cookies - Next Premium Pils\" \/>\n<meta property=\"og:description\" content=\"Ce site web utilise des cookies. Les cookies nous permettent de personnaliser le contenu et les annonces, d&#8217;offrir des fonctionnalit\u00e9s relatives aux m\u00e9dias sociaux et d&#8217;analyser notre trafic. Nous partageons \u00e9galement des informations sur l&#8217;utilisation de notre site avec nos partenaires de m\u00e9dias sociaux, de publicit\u00e9 et d&#8217;analyse, qui peuvent combiner celles-ci avec d&#8217;autres informations [&hellip;]\" \/>\n<meta property=\"og:url\" content=\"https:\/\/www.nextpremiumpils.be\/nl\/cookies\/\" \/>\n<meta property=\"og:site_name\" content=\"Next Premium Pils\" \/>\n<meta property=\"article:publisher\" content=\"https:\/\/www.facebook.com\/profile.php?id=61556716918536\" \/>\n<meta property=\"article:modified_time\" content=\"2024-11-21T09:34:30+00:00\" \/>\n<meta name=\"twitter:card\" content=\"summary_large_image\" \/>\n<meta name=\"twitter:label1\" content=\"Geschatte leestijd\" \/>\n\t<meta name=\"twitter:data1\" content=\"2 minuten\" \/>\n<script type=\"application\/ld+json\" class=\"yoast-schema-graph\">{\"@context\":\"https:\\\/\\\/schema.org\",\"@graph\":[{\"@type\":\"WebPage\",\"@id\":\"https:\\\/\\\/www.nextpremiumpils.be\\\/cookies\\\/\",\"url\":\"https:\\\/\\\/www.nextpremiumpils.be\\\/cookies\\\/\",\"name\":\"Cookies - Next Premium Pils\",\"isPartOf\":{\"@id\":\"https:\\\/\\\/www.nextpremiumpils.be\\\/#website\"},\"datePublished\":\"2024-11-18T14:05:28+00:00\",\"dateModified\":\"2024-11-21T09:34:30+00:00\",\"breadcrumb\":{\"@id\":\"https:\\\/\\\/www.nextpremiumpils.be\\\/cookies\\\/#breadcrumb\"},\"inLanguage\":\"nl-BE\",\"potentialAction\":[{\"@type\":\"ReadAction\",\"target\":[\"https:\\\/\\\/www.nextpremiumpils.be\\\/cookies\\\/\"]}]},{\"@type\":\"BreadcrumbList\",\"@id\":\"https:\\\/\\\/www.nextpremiumpils.be\\\/cookies\\\/#breadcrumb\",\"itemListElement\":[{\"@type\":\"ListItem\",\"position\":1,\"name\":\"Accueil\",\"item\":\"https:\\\/\\\/www.nextpremiumpils.be\\\/\"},{\"@type\":\"ListItem\",\"position\":2,\"name\":\"Cookies\"}]},{\"@type\":\"WebSite\",\"@id\":\"https:\\\/\\\/www.nextpremiumpils.be\\\/#website\",\"url\":\"https:\\\/\\\/www.nextpremiumpils.be\\\/\",\"name\":\"Next Premium Pils\",\"description\":\"La bi\u00e8re \u00e0 prix cass\u00e9\",\"publisher\":{\"@id\":\"https:\\\/\\\/www.nextpremiumpils.be\\\/#organization\"},\"potentialAction\":[{\"@type\":\"SearchAction\",\"target\":{\"@type\":\"EntryPoint\",\"urlTemplate\":\"https:\\\/\\\/www.nextpremiumpils.be\\\/?s={search_term_string}\"},\"query-input\":{\"@type\":\"PropertyValueSpecification\",\"valueRequired\":true,\"valueName\":\"search_term_string\"}}],\"inLanguage\":\"nl-BE\"},{\"@type\":\"Organization\",\"@id\":\"https:\\\/\\\/www.nextpremiumpils.be\\\/#organization\",\"name\":\"Next Premium Pils\",\"url\":\"https:\\\/\\\/www.nextpremiumpils.be\\\/\",\"logo\":{\"@type\":\"ImageObject\",\"inLanguage\":\"nl-BE\",\"@id\":\"https:\\\/\\\/www.nextpremiumpils.be\\\/#\\\/schema\\\/logo\\\/image\\\/\",\"url\":\"https:\\\/\\\/www.nextpremiumpils.be\\\/wp-content\\\/uploads\\\/2024\\\/11\\\/Logo-Next.png\",\"contentUrl\":\"https:\\\/\\\/www.nextpremiumpils.be\\\/wp-content\\\/uploads\\\/2024\\\/11\\\/Logo-Next.png\",\"width\":2284,\"height\":556,\"caption\":\"Next Premium Pils\"},\"image\":{\"@id\":\"https:\\\/\\\/www.nextpremiumpils.be\\\/#\\\/schema\\\/logo\\\/image\\\/\"},\"sameAs\":[\"https:\\\/\\\/www.facebook.com\\\/profile.php?id=61556716918536\",\"https:\\\/\\\/www.instagram.com\\\/nextpremiumpils\"]}]}<\/script>\n<!-- \/ Yoast SEO plugin. -->","yoast_head_json":{"title":"Cookies - Next Premium Pils","robots":{"index":"index","follow":"follow","max-snippet":"max-snippet:-1","max-image-preview":"max-image-preview:large","max-video-preview":"max-video-preview:-1"},"canonical":"https:\/\/www.nextpremiumpils.be\/nl\/cookies\/","og_locale":"nl_BE","og_type":"article","og_title":"Cookies - Next Premium Pils","og_description":"Ce site web utilise des cookies. Les cookies nous permettent de personnaliser le contenu et les annonces, d&#8217;offrir des fonctionnalit\u00e9s relatives aux m\u00e9dias sociaux et d&#8217;analyser notre trafic. Nous partageons \u00e9galement des informations sur l&#8217;utilisation de notre site avec nos partenaires de m\u00e9dias sociaux, de publicit\u00e9 et d&#8217;analyse, qui peuvent combiner celles-ci avec d&#8217;autres informations [&hellip;]","og_url":"https:\/\/www.nextpremiumpils.be\/nl\/cookies\/","og_site_name":"Next Premium Pils","article_publisher":"https:\/\/www.facebook.com\/profile.php?id=61556716918536","article_modified_time":"2024-11-21T09:34:30+00:00","twitter_card":"summary_large_image","twitter_misc":{"Geschatte leestijd":"2 minuten"},"schema":{"@context":"https:\/\/schema.org","@graph":[{"@type":"WebPage","@id":"https:\/\/www.nextpremiumpils.be\/cookies\/","url":"https:\/\/www.nextpremiumpils.be\/cookies\/","name":"Cookies - Next Premium Pils","isPartOf":{"@id":"https:\/\/www.nextpremiumpils.be\/#website"},"datePublished":"2024-11-18T14:05:28+00:00","dateModified":"2024-11-21T09:34:30+00:00","breadcrumb":{"@id":"https:\/\/www.nextpremiumpils.be\/cookies\/#breadcrumb"},"inLanguage":"nl-BE","potentialAction":[{"@type":"ReadAction","target":["https:\/\/www.nextpremiumpils.be\/cookies\/"]}]},{"@type":"BreadcrumbList","@id":"https:\/\/www.nextpremiumpils.be\/cookies\/#breadcrumb","itemListElement":[{"@type":"ListItem","position":1,"name":"Accueil","item":"https:\/\/www.nextpremiumpils.be\/"},{"@type":"ListItem","position":2,"name":"Cookies"}]},{"@type":"WebSite","@id":"https:\/\/www.nextpremiumpils.be\/#website","url":"https:\/\/www.nextpremiumpils.be\/","name":"Next Premium Pils","description":"La bi\u00e8re \u00e0 prix cass\u00e9","publisher":{"@id":"https:\/\/www.nextpremiumpils.be\/#organization"},"potentialAction":[{"@type":"SearchAction","target":{"@type":"EntryPoint","urlTemplate":"https:\/\/www.nextpremiumpils.be\/?s={search_term_string}"},"query-input":{"@type":"PropertyValueSpecification","valueRequired":true,"valueName":"search_term_string"}}],"inLanguage":"nl-BE"},{"@type":"Organization","@id":"https:\/\/www.nextpremiumpils.be\/#organization","name":"Next Premium Pils","url":"https:\/\/www.nextpremiumpils.be\/","logo":{"@type":"ImageObject","inLanguage":"nl-BE","@id":"https:\/\/www.nextpremiumpils.be\/#\/schema\/logo\/image\/","url":"https:\/\/www.nextpremiumpils.be\/wp-content\/uploads\/2024\/11\/Logo-Next.png","contentUrl":"https:\/\/www.nextpremiumpils.be\/wp-content\/uploads\/2024\/11\/Logo-Next.png","width":2284,"height":556,"caption":"Next Premium Pils"},"image":{"@id":"https:\/\/www.nextpremiumpils.be\/#\/schema\/logo\/image\/"},"sameAs":["https:\/\/www.facebook.com\/profile.php?id=61556716918536","https:\/\/www.instagram.com\/nextpremiumpils"]}]}},"_links":{"self":[{"href":"https:\/\/www.nextpremiumpils.be\/nl\/wp-json\/wp\/v2\/pages\/48","targetHints":{"allow":["GET"]}}],"collection":[{"href":"https:\/\/www.nextpremiumpils.be\/nl\/wp-json\/wp\/v2\/pages"}],"about":[{"href":"https:\/\/www.nextpremiumpils.be\/nl\/wp-json\/wp\/v2\/types\/page"}],"author":[{"embeddable":true,"href":"https:\/\/www.nextpremiumpils.be\/nl\/wp-json\/wp\/v2\/users\/1"}],"replies":[{"embeddable":true,"href":"https:\/\/www.nextpremiumpils.be\/nl\/wp-json\/wp\/v2\/comments?post=48"}],"version-history":[{"count":12,"href":"https:\/\/www.nextpremiumpils.be\/nl\/wp-json\/wp\/v2\/pages\/48\/revisions"}],"predecessor-version":[{"id":134,"href":"https:\/\/www.nextpremiumpils.be\/nl\/wp-json\/wp\/v2\/pages\/48\/revisions\/134"}],"wp:attachment":[{"href":"https:\/\/www.nextpremiumpils.be\/nl\/wp-json\/wp\/v2\/media?parent=48"}],"curies":[{"name":"wp","href":"https:\/\/api.w.org\/{rel}","templated":true}]}}