{"id":162,"date":"2025-03-19T10:22:14","date_gmt":"2025-03-19T10:22:14","guid":{"rendered":"https:\/\/www.nextpremiumpils.be\/?page_id=162"},"modified":"2025-03-19T13:08:18","modified_gmt":"2025-03-19T13:08:18","slug":"info","status":"publish","type":"page","link":"https:\/\/www.nextpremiumpils.be\/nl\/info\/","title":{"rendered":"Meer info"},"content":{"rendered":"<style>.elementor-162 .elementor-element.elementor-element-414f914{--display:flex;--margin-top:100px;--margin-bottom:0px;--margin-left:0px;--margin-right:0px;}.elementor-162 .elementor-element.elementor-element-414f914:not(.elementor-motion-effects-element-type-background), .elementor-162 .elementor-element.elementor-element-414f914 > .elementor-motion-effects-container > .elementor-motion-effects-layer{background-image:url(\"https:\/\/www.nextpremiumpils.be\/wp-content\/uploads\/2024\/11\/next-33-1.png\");background-position:center center;background-repeat:repeat;background-size:auto;}.elementor-162 .elementor-element.elementor-element-3406c5b{--spacer-size:150px;}.elementor-widget-image .widget-image-caption{color:var( --e-global-color-text );font-family:var( --e-global-typography-text-font-family ), Sans-serif;font-weight:var( --e-global-typography-text-font-weight );}.elementor-162 .elementor-element.elementor-element-fdb0e75 > .elementor-widget-container{background-color:#FFFFFF;}.elementor-widget-text-editor{font-family:var( --e-global-typography-text-font-family ), Sans-serif;font-weight:var( --e-global-typography-text-font-weight );color:var( --e-global-color-text );}.elementor-widget-text-editor.elementor-drop-cap-view-stacked .elementor-drop-cap{background-color:var( --e-global-color-primary );}.elementor-widget-text-editor.elementor-drop-cap-view-framed .elementor-drop-cap, .elementor-widget-text-editor.elementor-drop-cap-view-default .elementor-drop-cap{color:var( --e-global-color-primary );border-color:var( --e-global-color-primary );}.elementor-162 .elementor-element.elementor-element-9cd35ba > .elementor-widget-container{background-color:#FFFFFF;padding:25px 25px 25px 25px;}.elementor-162 .elementor-element.elementor-element-9cd35ba{text-align:center;}.elementor-162 .elementor-element.elementor-element-03ce2ab > .elementor-widget-container{background-color:#FFFFFF;padding:25px 25px 25px 25px;}.elementor-162 .elementor-element.elementor-element-77b1a3d > .elementor-widget-container{background-color:#FFFFFF;padding:25px 25px 25px 25px;}.elementor-162 .elementor-element.elementor-element-77b1a3d{text-align:center;}.elementor-162 .elementor-element.elementor-element-34c28fd{--display:grid;--e-con-grid-template-columns:repeat(4, 1fr);--e-con-grid-template-rows:repeat(1, 1fr);--grid-auto-flow:row;}.elementor-162 .elementor-element.elementor-element-34c28fd:not(.elementor-motion-effects-element-type-background), .elementor-162 .elementor-element.elementor-element-34c28fd > .elementor-motion-effects-container > .elementor-motion-effects-layer{background-color:#FFFFFF;}.elementor-162 .elementor-element.elementor-element-3277ac0.elementor-element{--align-self:center;}.elementor-162 .elementor-element.elementor-element-f64856c.elementor-element{--align-self:center;}.elementor-162 .elementor-element.elementor-element-f64856c{text-align:center;}.elementor-162 .elementor-element.elementor-element-439009e{--spacer-size:150px;}@media(max-width:1024px){.elementor-162 .elementor-element.elementor-element-34c28fd{--grid-auto-flow:row;}}@media(max-width:767px){.elementor-162 .elementor-element.elementor-element-34c28fd{--e-con-grid-template-columns:repeat(1, 1fr);--grid-auto-flow:row;}}<\/style>\t\t<div data-elementor-type=\"wp-page\" data-elementor-id=\"162\" class=\"elementor elementor-162\" data-elementor-post-type=\"page\">\n\t\t\t\t<div class=\"elementor-element elementor-element-414f914 e-flex e-con-boxed e-con e-parent\" data-id=\"414f914\" data-element_type=\"container\" data-settings=\"{&quot;background_background&quot;:&quot;classic&quot;}\">\n\t\t\t\t\t<div class=\"e-con-inner\">\n\t\t\t\t<div class=\"elementor-element elementor-element-3406c5b elementor-widget elementor-widget-spacer\" data-id=\"3406c5b\" data-element_type=\"widget\" data-settings=\"{&quot;jc_floating_fx_translate_y&quot;:{&quot;unit&quot;:&quot;px&quot;,&quot;size&quot;:&quot;&quot;,&quot;sizes&quot;:[]}}\" data-widget_type=\"spacer.default\">\n\t\t\t\t<div class=\"elementor-widget-container\">\n\t\t\t\t\t\t\t<div class=\"elementor-spacer\">\n\t\t\t<div class=\"elementor-spacer-inner\"><\/div>\n\t\t<\/div>\n\t\t\t\t\t\t<\/div>\n\t\t\t\t<\/div>\n\t\t\t\t<div class=\"elementor-element elementor-element-fdb0e75 elementor-widget elementor-widget-image\" data-id=\"fdb0e75\" data-element_type=\"widget\" data-settings=\"{&quot;jc_floating_fx_translate_y&quot;:{&quot;unit&quot;:&quot;px&quot;,&quot;size&quot;:&quot;&quot;,&quot;sizes&quot;:[]}}\" data-widget_type=\"image.default\">\n\t\t\t\t<div class=\"elementor-widget-container\">\n\t\t\t\t\t\t\t\t\t\t\t\t\t\t\t<img fetchpriority=\"high\" decoding=\"async\" width=\"750\" height=\"280\" src=\"https:\/\/www.nextpremiumpils.be\/wp-content\/uploads\/2025\/03\/Logo-Next-Premium-Pils-1024x382.png\" class=\"attachment-large size-large wp-image-164\" alt=\"\" srcset=\"https:\/\/www.nextpremiumpils.be\/wp-content\/uploads\/2025\/03\/Logo-Next-Premium-Pils-1024x382.png 1024w, https:\/\/www.nextpremiumpils.be\/wp-content\/uploads\/2025\/03\/Logo-Next-Premium-Pils-300x112.png 300w, https:\/\/www.nextpremiumpils.be\/wp-content\/uploads\/2025\/03\/Logo-Next-Premium-Pils-768x286.png 768w, https:\/\/www.nextpremiumpils.be\/wp-content\/uploads\/2025\/03\/Logo-Next-Premium-Pils-1536x573.png 1536w, https:\/\/www.nextpremiumpils.be\/wp-content\/uploads\/2025\/03\/Logo-Next-Premium-Pils-2048x764.png 2048w, https:\/\/www.nextpremiumpils.be\/wp-content\/uploads\/2025\/03\/Logo-Next-Premium-Pils-18x7.png 18w, https:\/\/www.nextpremiumpils.be\/wp-content\/uploads\/2025\/03\/Logo-Next-Premium-Pils-570x213.png 570w, https:\/\/www.nextpremiumpils.be\/wp-content\/uploads\/2025\/03\/Logo-Next-Premium-Pils-270x101.png 270w\" sizes=\"(max-width: 750px) 100vw, 750px\" \/>\t\t\t\t\t\t\t\t\t\t\t\t\t\t\t<\/div>\n\t\t\t\t<\/div>\n\t\t\t\t<div class=\"elementor-element elementor-element-9cd35ba elementor-widget elementor-widget-text-editor\" data-id=\"9cd35ba\" data-element_type=\"widget\" data-settings=\"{&quot;jc_floating_fx_translate_y&quot;:{&quot;unit&quot;:&quot;px&quot;,&quot;size&quot;:&quot;&quot;,&quot;sizes&quot;:[]}}\" data-widget_type=\"text-editor.default\">\n\t\t\t\t<div class=\"elementor-widget-container\">\n\t\t\t\t\t\t\t\t\t<p>Met zijn <strong>4,4\u00b0, gulle schuimkraag en verfrissende smaak<\/strong>valt Next bier op door zijn lage prijs en superieure kwaliteit. Het is ideaal om te delen en zal liefhebbers van lichte bieren aanspreken.<\/p><p>Het recept van Next bier<strong>, gemaakt van water, gerstemout, ma\u00efs en hop<\/strong>is uniek en wordt vakkundig gebrouwen in Belgi\u00eb.<\/p><p>Verkrijgbaar in 2 formaten, zal Next bier gemakkelijk zijn plaats vinden in je schap. Het is verkrijgbaar in blikjes van <strong>50cl of 33cl<\/strong>en is gemakkelijk te verkopen dankzij de <strong>aantrekkelijke prijs<\/strong>.<\/p><p>Door Next bier aan te bieden, geef je je klanten een <strong>Belgisch pilsener van topkwaliteit met een authentieke smaak<\/strong>. Het zal snel een must-have worden in je schappen!<\/p>\t\t\t\t\t\t\t\t<\/div>\n\t\t\t\t<\/div>\n\t\t\t\t<div class=\"elementor-element elementor-element-03ce2ab elementor-widget elementor-widget-html\" data-id=\"03ce2ab\" data-element_type=\"widget\" data-settings=\"{&quot;jc_floating_fx_translate_y&quot;:{&quot;unit&quot;:&quot;px&quot;,&quot;size&quot;:&quot;&quot;,&quot;sizes&quot;:[]}}\" data-widget_type=\"html.default\">\n\t\t\t\t<div class=\"elementor-widget-container\">\n\t\t\t\t\t<table class=\"table table-bordered\">\r\n  <thead>\r\n    <tr>\r\n      <th rowspan=\"2\">CRITERIA<\/th>\r\n      <th colspan=\"2\">Next<\/th>\r\n      <th colspan=\"2\">Jupiler<\/th>\r\n    <\/tr>\r\n  <\/thead>\r\n  <tbody>\r\n    <tr>\r\n      <td>Formaat<\/td>\r\n      <td>33 cl<\/td>\r\n      <td>50 cl<\/td>\r\n      <td>33 cl<\/td>\r\n      <td>50 cl<\/td>\r\n    <\/tr>\r\n    <tr>\r\n      <td>Consumentenprijs<\/td>\r\n      <td>0,60 \u20ac<\/td>\r\n      <td>0,90 \u20ac<\/td>\r\n      <td>1,85 \u20ac<\/td>\r\n      <td>2,20 \u20ac<\/td>\r\n    <\/tr>\r\n    <tr>\r\n      <td>Positionering<\/td>\r\n      <td colspan=\"2\">Toegankelijk en voordelig<\/td>\r\n      <td colspan=\"2\">Nationaal merk<\/td>\r\n    <\/tr>\r\n  <\/tbody>\r\n<\/table>\r\n\t\t\t\t<\/div>\n\t\t\t\t<\/div>\n\t\t\t\t<div class=\"elementor-element elementor-element-77b1a3d elementor-widget elementor-widget-text-editor\" data-id=\"77b1a3d\" data-element_type=\"widget\" data-settings=\"{&quot;jc_floating_fx_translate_y&quot;:{&quot;unit&quot;:&quot;px&quot;,&quot;size&quot;:&quot;&quot;,&quot;sizes&quot;:[]}}\" data-widget_type=\"text-editor.default\">\n\t\t\t\t<div class=\"elementor-widget-container\">\n\t\t\t\t\t\t\t\t\t<p>Next biedt dezelfde capaciteit als Jupiler, maar tegen drie keer de prijs. Met zijn ultracompetitieve prijzen op twee belangrijke formaten biedt Next een echt alternatief voor nationale merken zoals Jupiler, waardoor u consumenten kunt aanspreken en uw verkoop kunt maximaliseren.<\/p><p>PILS-bieren zijn goed voor meer dan 70% van de verkoop in de categorie all-beers.<\/p><p><strong>Marktaandeel bierverkoop 2024.<\/strong><\/p><p>Pilsbieren: 72<\/p><p>Andere categorie\u00ebn: 28<\/p><p>Het is ook cruciaal om op te merken dat de ontwikkeling van huismerken die van nationale merken voorbijstreeft.<\/p>\t\t\t\t\t\t\t\t<\/div>\n\t\t\t\t<\/div>\n\t\t<div class=\"elementor-element elementor-element-34c28fd e-grid e-con-full e-con e-child\" data-id=\"34c28fd\" data-element_type=\"container\" data-settings=\"{&quot;background_background&quot;:&quot;classic&quot;}\">\n\t\t\t\t<div class=\"elementor-element elementor-element-3277ac0 elementor-widget elementor-widget-image\" data-id=\"3277ac0\" data-element_type=\"widget\" data-settings=\"{&quot;jc_floating_fx_translate_y&quot;:{&quot;unit&quot;:&quot;px&quot;,&quot;size&quot;:&quot;&quot;,&quot;sizes&quot;:[]}}\" data-widget_type=\"image.default\">\n\t\t\t\t<div class=\"elementor-widget-container\">\n\t\t\t\t\t\t\t\t\t\t\t\t\t\t\t<img decoding=\"async\" width=\"750\" height=\"750\" src=\"https:\/\/www.nextpremiumpils.be\/wp-content\/uploads\/2025\/03\/Tray2.jpg\" class=\"attachment-large size-large wp-image-167\" alt=\"\" srcset=\"https:\/\/www.nextpremiumpils.be\/wp-content\/uploads\/2025\/03\/Tray2.jpg 1024w, https:\/\/www.nextpremiumpils.be\/wp-content\/uploads\/2025\/03\/Tray2-300x300.jpg 300w, https:\/\/www.nextpremiumpils.be\/wp-content\/uploads\/2025\/03\/Tray2-150x150.jpg 150w, https:\/\/www.nextpremiumpils.be\/wp-content\/uploads\/2025\/03\/Tray2-768x768.jpg 768w, https:\/\/www.nextpremiumpils.be\/wp-content\/uploads\/2025\/03\/Tray2-12x12.jpg 12w, https:\/\/www.nextpremiumpils.be\/wp-content\/uploads\/2025\/03\/Tray2-330x330.jpg 330w, https:\/\/www.nextpremiumpils.be\/wp-content\/uploads\/2025\/03\/Tray2-180x180.jpg 180w\" sizes=\"(max-width: 750px) 100vw, 750px\" \/>\t\t\t\t\t\t\t\t\t\t\t\t\t\t\t<\/div>\n\t\t\t\t<\/div>\n\t\t\t\t<div class=\"elementor-element elementor-element-ee90300 elementor-widget elementor-widget-text-editor\" data-id=\"ee90300\" data-element_type=\"widget\" data-settings=\"{&quot;jc_floating_fx_translate_y&quot;:{&quot;unit&quot;:&quot;px&quot;,&quot;size&quot;:&quot;&quot;,&quot;sizes&quot;:[]}}\" data-widget_type=\"text-editor.default\">\n\t\t\t\t<div class=\"elementor-widget-container\">\n\t\t\t\t\t\t\t\t\t<p><strong>PILS 33cl<\/strong><\/p><ul><li>Catalogusnummer: 049433<\/li><li>EAN doos : 15420018002445<\/li><li>EAN Conso : 5420018002448<\/li><li>Doos: 24 stuks<\/li><li>Pallet: 108 trays<\/li><li>Inhoud : 33cl<\/li><li>Aanbevolen verkoopprijs: \u20ac0,60<\/li><\/ul><p><strong>INGREDI\u00cbNTEN<\/strong>: water, gerstemout, ma\u00efs, hop<\/p>\t\t\t\t\t\t\t\t<\/div>\n\t\t\t\t<\/div>\n\t\t\t\t<div class=\"elementor-element elementor-element-f64856c elementor-widget elementor-widget-image\" data-id=\"f64856c\" data-element_type=\"widget\" data-settings=\"{&quot;jc_floating_fx_translate_y&quot;:{&quot;unit&quot;:&quot;px&quot;,&quot;size&quot;:&quot;&quot;,&quot;sizes&quot;:[]}}\" data-widget_type=\"image.default\">\n\t\t\t\t<div class=\"elementor-widget-container\">\n\t\t\t\t\t\t\t\t\t\t\t\t\t\t\t<img decoding=\"async\" width=\"750\" height=\"750\" src=\"https:\/\/www.nextpremiumpils.be\/wp-content\/uploads\/2025\/03\/Tray.jpg\" class=\"attachment-large size-large wp-image-166\" alt=\"\" srcset=\"https:\/\/www.nextpremiumpils.be\/wp-content\/uploads\/2025\/03\/Tray.jpg 1024w, https:\/\/www.nextpremiumpils.be\/wp-content\/uploads\/2025\/03\/Tray-300x300.jpg 300w, https:\/\/www.nextpremiumpils.be\/wp-content\/uploads\/2025\/03\/Tray-150x150.jpg 150w, https:\/\/www.nextpremiumpils.be\/wp-content\/uploads\/2025\/03\/Tray-768x768.jpg 768w, https:\/\/www.nextpremiumpils.be\/wp-content\/uploads\/2025\/03\/Tray-12x12.jpg 12w, https:\/\/www.nextpremiumpils.be\/wp-content\/uploads\/2025\/03\/Tray-330x330.jpg 330w, https:\/\/www.nextpremiumpils.be\/wp-content\/uploads\/2025\/03\/Tray-180x180.jpg 180w\" sizes=\"(max-width: 750px) 100vw, 750px\" \/>\t\t\t\t\t\t\t\t\t\t\t\t\t\t\t<\/div>\n\t\t\t\t<\/div>\n\t\t\t\t<div class=\"elementor-element elementor-element-a873ac3 elementor-widget elementor-widget-text-editor\" data-id=\"a873ac3\" data-element_type=\"widget\" data-settings=\"{&quot;jc_floating_fx_translate_y&quot;:{&quot;unit&quot;:&quot;px&quot;,&quot;size&quot;:&quot;&quot;,&quot;sizes&quot;:[]}}\" data-widget_type=\"text-editor.default\">\n\t\t\t\t<div class=\"elementor-widget-container\">\n\t\t\t\t\t\t\t\t\t<p><strong>PILS 50cl<\/strong><\/p><ul><li>Catalogusnummer: 049434<\/li><li>EAN doos : 15420018002452<\/li><li>EAN Conso : 5420018002455<\/li><li>Doos: 24 stuks<\/li><li>Pallet: 72 trays<\/li><li>Inhoud : 50cl<\/li><li>Aanbevolen verkoopprijs: \u20ac0,90<\/li><\/ul><p><strong>INGREDI\u00cbNTEN<\/strong>: water, gerstemout, ma\u00efs, hop<\/p>\t\t\t\t\t\t\t\t<\/div>\n\t\t\t\t<\/div>\n\t\t\t\t<\/div>\n\t\t\t\t<div class=\"elementor-element elementor-element-439009e elementor-widget elementor-widget-spacer\" data-id=\"439009e\" data-element_type=\"widget\" data-settings=\"{&quot;jc_floating_fx_translate_y&quot;:{&quot;unit&quot;:&quot;px&quot;,&quot;size&quot;:&quot;&quot;,&quot;sizes&quot;:[]}}\" data-widget_type=\"spacer.default\">\n\t\t\t\t<div class=\"elementor-widget-container\">\n\t\t\t\t\t\t\t<div class=\"elementor-spacer\">\n\t\t\t<div class=\"elementor-spacer-inner\"><\/div>\n\t\t<\/div>\n\t\t\t\t\t\t<\/div>\n\t\t\t\t<\/div>\n\t\t\t\t\t<\/div>\n\t\t\t\t<\/div>\n\t\t\t\t<\/div>","protected":false},"excerpt":{"rendered":"<p>Avec ses 4,4\u00b0, sa mousse g\u00e9n\u00e9reuse et son go\u00fbt rafra\u00eechissant, la bi\u00e8re Next se distingue par son prix bas tout en offrant une qualit\u00e9 sup\u00e9rieure. Elle est id\u00e9ale pour les moments de partage et saura s\u00e9duire les amateurs de bi\u00e8res l\u00e9g\u00e8res. Compos\u00e9e d\u2019eau, de malt d\u2019orge, de ma\u00efs et de houblon, la recette de la [&hellip;]<\/p>\n","protected":false},"author":1,"featured_media":0,"parent":0,"menu_order":0,"comment_status":"closed","ping_status":"closed","template":"","meta":{"footnotes":""},"class_list":["post-162","page","type-page","status-publish","hentry"],"yoast_head":"<!-- This site is optimized with the Yoast SEO plugin v27.5 - https:\/\/yoast.com\/product\/yoast-seo-wordpress\/ -->\n<title>\u00c0 propos - Next Premium Pils<\/title>\n<meta name=\"description\" content=\"Next Premium Pils est une marque de bi\u00e8re \u00e0 prix cass\u00e9 en canette de 33cl et 50cl. Retrouvez-les dans les frigos de votre magasin.\" \/>\n<meta name=\"robots\" content=\"index, follow, max-snippet:-1, max-image-preview:large, max-video-preview:-1\" \/>\n<link rel=\"canonical\" href=\"https:\/\/www.nextpremiumpils.be\/nl\/info\/\" \/>\n<meta property=\"og:locale\" content=\"nl_BE\" \/>\n<meta property=\"og:type\" content=\"article\" \/>\n<meta property=\"og:title\" content=\"\u00c0 propos - Next Premium Pils\" \/>\n<meta property=\"og:description\" content=\"Next Premium Pils est une marque de bi\u00e8re \u00e0 prix cass\u00e9 en canette de 33cl et 50cl. Retrouvez-les dans les frigos de votre magasin.\" \/>\n<meta property=\"og:url\" content=\"https:\/\/www.nextpremiumpils.be\/nl\/info\/\" \/>\n<meta property=\"og:site_name\" content=\"Next Premium Pils\" \/>\n<meta property=\"article:publisher\" content=\"https:\/\/www.facebook.com\/profile.php?id=61556716918536\" \/>\n<meta property=\"article:modified_time\" content=\"2025-03-19T13:08:18+00:00\" \/>\n<meta property=\"og:image\" content=\"https:\/\/www.nextpremiumpils.be\/wp-content\/uploads\/2025\/03\/Logo-Next-Premium-Pils.png\" \/>\n\t<meta property=\"og:image:width\" content=\"2481\" \/>\n\t<meta property=\"og:image:height\" content=\"925\" \/>\n\t<meta property=\"og:image:type\" content=\"image\/png\" \/>\n<meta name=\"twitter:card\" content=\"summary_large_image\" \/>\n<meta name=\"twitter:label1\" content=\"Geschatte leestijd\" \/>\n\t<meta name=\"twitter:data1\" content=\"3 minuten\" \/>\n<script type=\"application\/ld+json\" class=\"yoast-schema-graph\">{\"@context\":\"https:\\\/\\\/schema.org\",\"@graph\":[{\"@type\":\"WebPage\",\"@id\":\"https:\\\/\\\/www.nextpremiumpils.be\\\/info\\\/\",\"url\":\"https:\\\/\\\/www.nextpremiumpils.be\\\/info\\\/\",\"name\":\"\u00c0 propos - Next Premium Pils\",\"isPartOf\":{\"@id\":\"https:\\\/\\\/www.nextpremiumpils.be\\\/#website\"},\"primaryImageOfPage\":{\"@id\":\"https:\\\/\\\/www.nextpremiumpils.be\\\/info\\\/#primaryimage\"},\"image\":{\"@id\":\"https:\\\/\\\/www.nextpremiumpils.be\\\/info\\\/#primaryimage\"},\"thumbnailUrl\":\"https:\\\/\\\/www.nextpremiumpils.be\\\/wp-content\\\/uploads\\\/2025\\\/03\\\/Logo-Next-Premium-Pils-1024x382.png\",\"datePublished\":\"2025-03-19T10:22:14+00:00\",\"dateModified\":\"2025-03-19T13:08:18+00:00\",\"description\":\"Next Premium Pils est une marque de bi\u00e8re \u00e0 prix cass\u00e9 en canette de 33cl et 50cl. Retrouvez-les dans les frigos de votre magasin.\",\"breadcrumb\":{\"@id\":\"https:\\\/\\\/www.nextpremiumpils.be\\\/info\\\/#breadcrumb\"},\"inLanguage\":\"nl-BE\",\"potentialAction\":[{\"@type\":\"ReadAction\",\"target\":[\"https:\\\/\\\/www.nextpremiumpils.be\\\/info\\\/\"]}]},{\"@type\":\"ImageObject\",\"inLanguage\":\"nl-BE\",\"@id\":\"https:\\\/\\\/www.nextpremiumpils.be\\\/info\\\/#primaryimage\",\"url\":\"https:\\\/\\\/www.nextpremiumpils.be\\\/wp-content\\\/uploads\\\/2025\\\/03\\\/Logo-Next-Premium-Pils-1024x382.png\",\"contentUrl\":\"https:\\\/\\\/www.nextpremiumpils.be\\\/wp-content\\\/uploads\\\/2025\\\/03\\\/Logo-Next-Premium-Pils-1024x382.png\"},{\"@type\":\"BreadcrumbList\",\"@id\":\"https:\\\/\\\/www.nextpremiumpils.be\\\/info\\\/#breadcrumb\",\"itemListElement\":[{\"@type\":\"ListItem\",\"position\":1,\"name\":\"Accueil\",\"item\":\"https:\\\/\\\/www.nextpremiumpils.be\\\/\"},{\"@type\":\"ListItem\",\"position\":2,\"name\":\"\u00c0 propos\"}]},{\"@type\":\"WebSite\",\"@id\":\"https:\\\/\\\/www.nextpremiumpils.be\\\/#website\",\"url\":\"https:\\\/\\\/www.nextpremiumpils.be\\\/\",\"name\":\"Next Premium Pils\",\"description\":\"La bi\u00e8re \u00e0 prix cass\u00e9\",\"publisher\":{\"@id\":\"https:\\\/\\\/www.nextpremiumpils.be\\\/#organization\"},\"potentialAction\":[{\"@type\":\"SearchAction\",\"target\":{\"@type\":\"EntryPoint\",\"urlTemplate\":\"https:\\\/\\\/www.nextpremiumpils.be\\\/?s={search_term_string}\"},\"query-input\":{\"@type\":\"PropertyValueSpecification\",\"valueRequired\":true,\"valueName\":\"search_term_string\"}}],\"inLanguage\":\"nl-BE\"},{\"@type\":\"Organization\",\"@id\":\"https:\\\/\\\/www.nextpremiumpils.be\\\/#organization\",\"name\":\"Next Premium Pils\",\"url\":\"https:\\\/\\\/www.nextpremiumpils.be\\\/\",\"logo\":{\"@type\":\"ImageObject\",\"inLanguage\":\"nl-BE\",\"@id\":\"https:\\\/\\\/www.nextpremiumpils.be\\\/#\\\/schema\\\/logo\\\/image\\\/\",\"url\":\"https:\\\/\\\/www.nextpremiumpils.be\\\/wp-content\\\/uploads\\\/2024\\\/11\\\/Logo-Next.png\",\"contentUrl\":\"https:\\\/\\\/www.nextpremiumpils.be\\\/wp-content\\\/uploads\\\/2024\\\/11\\\/Logo-Next.png\",\"width\":2284,\"height\":556,\"caption\":\"Next Premium Pils\"},\"image\":{\"@id\":\"https:\\\/\\\/www.nextpremiumpils.be\\\/#\\\/schema\\\/logo\\\/image\\\/\"},\"sameAs\":[\"https:\\\/\\\/www.facebook.com\\\/profile.php?id=61556716918536\",\"https:\\\/\\\/www.instagram.com\\\/nextpremiumpils\"]}]}<\/script>\n<!-- \/ Yoast SEO plugin. -->","yoast_head_json":{"title":"\u00c0 propos - Next Premium Pils","description":"Next Premium Pils est une marque de bi\u00e8re \u00e0 prix cass\u00e9 en canette de 33cl et 50cl. Retrouvez-les dans les frigos de votre magasin.","robots":{"index":"index","follow":"follow","max-snippet":"max-snippet:-1","max-image-preview":"max-image-preview:large","max-video-preview":"max-video-preview:-1"},"canonical":"https:\/\/www.nextpremiumpils.be\/nl\/info\/","og_locale":"nl_BE","og_type":"article","og_title":"\u00c0 propos - Next Premium Pils","og_description":"Next Premium Pils est une marque de bi\u00e8re \u00e0 prix cass\u00e9 en canette de 33cl et 50cl. Retrouvez-les dans les frigos de votre magasin.","og_url":"https:\/\/www.nextpremiumpils.be\/nl\/info\/","og_site_name":"Next Premium Pils","article_publisher":"https:\/\/www.facebook.com\/profile.php?id=61556716918536","article_modified_time":"2025-03-19T13:08:18+00:00","og_image":[{"width":2481,"height":925,"url":"https:\/\/www.nextpremiumpils.be\/wp-content\/uploads\/2025\/03\/Logo-Next-Premium-Pils.png","type":"image\/png"}],"twitter_card":"summary_large_image","twitter_misc":{"Geschatte leestijd":"3 minuten"},"schema":{"@context":"https:\/\/schema.org","@graph":[{"@type":"WebPage","@id":"https:\/\/www.nextpremiumpils.be\/info\/","url":"https:\/\/www.nextpremiumpils.be\/info\/","name":"\u00c0 propos - Next Premium Pils","isPartOf":{"@id":"https:\/\/www.nextpremiumpils.be\/#website"},"primaryImageOfPage":{"@id":"https:\/\/www.nextpremiumpils.be\/info\/#primaryimage"},"image":{"@id":"https:\/\/www.nextpremiumpils.be\/info\/#primaryimage"},"thumbnailUrl":"https:\/\/www.nextpremiumpils.be\/wp-content\/uploads\/2025\/03\/Logo-Next-Premium-Pils-1024x382.png","datePublished":"2025-03-19T10:22:14+00:00","dateModified":"2025-03-19T13:08:18+00:00","description":"Next Premium Pils est une marque de bi\u00e8re \u00e0 prix cass\u00e9 en canette de 33cl et 50cl. Retrouvez-les dans les frigos de votre magasin.","breadcrumb":{"@id":"https:\/\/www.nextpremiumpils.be\/info\/#breadcrumb"},"inLanguage":"nl-BE","potentialAction":[{"@type":"ReadAction","target":["https:\/\/www.nextpremiumpils.be\/info\/"]}]},{"@type":"ImageObject","inLanguage":"nl-BE","@id":"https:\/\/www.nextpremiumpils.be\/info\/#primaryimage","url":"https:\/\/www.nextpremiumpils.be\/wp-content\/uploads\/2025\/03\/Logo-Next-Premium-Pils-1024x382.png","contentUrl":"https:\/\/www.nextpremiumpils.be\/wp-content\/uploads\/2025\/03\/Logo-Next-Premium-Pils-1024x382.png"},{"@type":"BreadcrumbList","@id":"https:\/\/www.nextpremiumpils.be\/info\/#breadcrumb","itemListElement":[{"@type":"ListItem","position":1,"name":"Accueil","item":"https:\/\/www.nextpremiumpils.be\/"},{"@type":"ListItem","position":2,"name":"\u00c0 propos"}]},{"@type":"WebSite","@id":"https:\/\/www.nextpremiumpils.be\/#website","url":"https:\/\/www.nextpremiumpils.be\/","name":"Next Premium Pils","description":"La bi\u00e8re \u00e0 prix cass\u00e9","publisher":{"@id":"https:\/\/www.nextpremiumpils.be\/#organization"},"potentialAction":[{"@type":"SearchAction","target":{"@type":"EntryPoint","urlTemplate":"https:\/\/www.nextpremiumpils.be\/?s={search_term_string}"},"query-input":{"@type":"PropertyValueSpecification","valueRequired":true,"valueName":"search_term_string"}}],"inLanguage":"nl-BE"},{"@type":"Organization","@id":"https:\/\/www.nextpremiumpils.be\/#organization","name":"Next Premium Pils","url":"https:\/\/www.nextpremiumpils.be\/","logo":{"@type":"ImageObject","inLanguage":"nl-BE","@id":"https:\/\/www.nextpremiumpils.be\/#\/schema\/logo\/image\/","url":"https:\/\/www.nextpremiumpils.be\/wp-content\/uploads\/2024\/11\/Logo-Next.png","contentUrl":"https:\/\/www.nextpremiumpils.be\/wp-content\/uploads\/2024\/11\/Logo-Next.png","width":2284,"height":556,"caption":"Next Premium Pils"},"image":{"@id":"https:\/\/www.nextpremiumpils.be\/#\/schema\/logo\/image\/"},"sameAs":["https:\/\/www.facebook.com\/profile.php?id=61556716918536","https:\/\/www.instagram.com\/nextpremiumpils"]}]}},"_links":{"self":[{"href":"https:\/\/www.nextpremiumpils.be\/nl\/wp-json\/wp\/v2\/pages\/162","targetHints":{"allow":["GET"]}}],"collection":[{"href":"https:\/\/www.nextpremiumpils.be\/nl\/wp-json\/wp\/v2\/pages"}],"about":[{"href":"https:\/\/www.nextpremiumpils.be\/nl\/wp-json\/wp\/v2\/types\/page"}],"author":[{"embeddable":true,"href":"https:\/\/www.nextpremiumpils.be\/nl\/wp-json\/wp\/v2\/users\/1"}],"replies":[{"embeddable":true,"href":"https:\/\/www.nextpremiumpils.be\/nl\/wp-json\/wp\/v2\/comments?post=162"}],"version-history":[{"count":11,"href":"https:\/\/www.nextpremiumpils.be\/nl\/wp-json\/wp\/v2\/pages\/162\/revisions"}],"predecessor-version":[{"id":181,"href":"https:\/\/www.nextpremiumpils.be\/nl\/wp-json\/wp\/v2\/pages\/162\/revisions\/181"}],"wp:attachment":[{"href":"https:\/\/www.nextpremiumpils.be\/nl\/wp-json\/wp\/v2\/media?parent=162"}],"curies":[{"name":"wp","href":"https:\/\/api.w.org\/{rel}","templated":true}]}}