{"id":14,"date":"2024-11-18T13:22:09","date_gmt":"2024-11-18T13:22:09","guid":{"rendered":"https:\/\/www.nextpremiumpils.be\/?page_id=14"},"modified":"2025-04-16T08:10:17","modified_gmt":"2025-04-16T08:10:17","slug":"biere-pas-cher","status":"publish","type":"page","link":"https:\/\/www.nextpremiumpils.be\/nl\/","title":{"rendered":"L&#8217;instant rafra\u00eechissant \u00e0 prix cass\u00e9"},"content":{"rendered":"<style>.elementor-14 .elementor-element.elementor-element-414f914{--display:flex;--margin-top:100px;--margin-bottom:0px;--margin-left:0px;--margin-right:0px;}.elementor-14 .elementor-element.elementor-element-414f914:not(.elementor-motion-effects-element-type-background), .elementor-14 .elementor-element.elementor-element-414f914 > .elementor-motion-effects-container > .elementor-motion-effects-layer{background-image:url(\"https:\/\/www.nextpremiumpils.be\/wp-content\/uploads\/2024\/11\/next-33-1.png\");background-position:center center;background-repeat:repeat;background-size:auto;}.elementor-14 .elementor-element.elementor-element-3406c5b{--spacer-size:150px;}.elementor-widget-image .widget-image-caption{color:var( --e-global-color-text );font-family:var( --e-global-typography-text-font-family ), Sans-serif;font-weight:var( --e-global-typography-text-font-weight );}.elementor-14 .elementor-element.elementor-element-eb18bf2{width:var( --container-widget-width, 80% );max-width:80%;--container-widget-width:80%;--container-widget-flex-grow:0;}.elementor-14 .elementor-element.elementor-element-eb18bf2 > .elementor-widget-container{background-color:#FFFFFF;margin:0px 0px 0px 0px;padding:25px 25px 25px 25px;border-style:solid;border-color:#000000;}.elementor-14 .elementor-element.elementor-element-eb18bf2.elementor-element{--align-self:center;}.elementor-widget-heading .elementor-heading-title{font-family:var( --e-global-typography-primary-font-family ), Sans-serif;font-weight:var( --e-global-typography-primary-font-weight );color:var( --e-global-color-primary );}.elementor-14 .elementor-element.elementor-element-6586771{width:var( --container-widget-width, 80% );max-width:80%;--container-widget-width:80%;--container-widget-flex-grow:0;text-align:center;}.elementor-14 .elementor-element.elementor-element-6586771 > .elementor-widget-container{background-color:#FFFFFF;padding:26px 26px 26px 26px;border-style:solid;border-color:#000000;}.elementor-14 .elementor-element.elementor-element-6586771.elementor-element{--align-self:center;--flex-grow:0;--flex-shrink:0;}.elementor-14 .elementor-element.elementor-element-6586771 .elementor-heading-title{font-family:\"Roboto\", Sans-serif;font-size:42px;font-weight:600;color:#000000;}.elementor-14 .elementor-element.elementor-element-9390cf5{width:var( --container-widget-width, 80% );max-width:80%;--container-widget-width:80%;--container-widget-flex-grow:0;text-align:center;}.elementor-14 .elementor-element.elementor-element-9390cf5 > .elementor-widget-container{background-color:#FFFFFF;padding:26px 26px 26px 26px;border-style:solid;border-color:#000000;}.elementor-14 .elementor-element.elementor-element-9390cf5.elementor-element{--align-self:center;--flex-grow:0;--flex-shrink:0;}.elementor-14 .elementor-element.elementor-element-9390cf5 .elementor-heading-title{font-family:\"Roboto\", Sans-serif;font-size:42px;font-weight:600;color:#000000;}.elementor-14 .elementor-element.elementor-element-bed721a{width:var( --container-widget-width, 80% );max-width:80%;--container-widget-width:80%;--container-widget-flex-grow:0;}.elementor-14 .elementor-element.elementor-element-bed721a.elementor-element{--align-self:center;}.elementor-14 .elementor-element.elementor-element-bed721a > .elementor-widget-container{border-style:solid;border-color:#000000;}.elementor-14 .elementor-element.elementor-element-3825484{width:var( --container-widget-width, 80% );max-width:80%;--container-widget-width:80%;--container-widget-flex-grow:0;text-align:center;}.elementor-14 .elementor-element.elementor-element-3825484 > .elementor-widget-container{background-color:#FFFFFF;padding:26px 26px 26px 26px;border-style:solid;border-color:#000000;}.elementor-14 .elementor-element.elementor-element-3825484.elementor-element{--align-self:center;--flex-grow:0;--flex-shrink:0;}.elementor-14 .elementor-element.elementor-element-3825484 .elementor-heading-title{font-family:\"Roboto\", Sans-serif;font-size:24px;font-weight:600;color:#000000;}.elementor-widget-button .elementor-button{background-color:var( --e-global-color-accent );font-family:var( --e-global-typography-accent-font-family ), Sans-serif;font-weight:var( --e-global-typography-accent-font-weight );}.elementor-14 .elementor-element.elementor-element-2e0acba .elementor-button{background-color:#FFFFFF;font-family:\"Roboto\", Sans-serif;font-size:42px;font-weight:500;fill:#000000;color:#000000;border-style:solid;}.elementor-14 .elementor-element.elementor-element-2e0acba{width:var( --container-widget-width, 80% );max-width:80%;--container-widget-width:80%;--container-widget-flex-grow:0;}.elementor-14 .elementor-element.elementor-element-2e0acba.elementor-element{--align-self:center;--flex-grow:0;--flex-shrink:0;}.elementor-14 .elementor-element.elementor-element-74bf329 .elementor-button{background-color:#FFFFFF;font-family:\"Roboto\", Sans-serif;font-size:42px;font-weight:500;fill:#000000;color:#000000;border-style:solid;}.elementor-14 .elementor-element.elementor-element-74bf329{width:var( --container-widget-width, 80% );max-width:80%;--container-widget-width:80%;--container-widget-flex-grow:0;}.elementor-14 .elementor-element.elementor-element-74bf329.elementor-element{--align-self:center;}.elementor-14 .elementor-element.elementor-element-439009e{--spacer-size:150px;}<\/style>\t\t<div data-elementor-type=\"wp-page\" data-elementor-id=\"14\" class=\"elementor elementor-14\" data-elementor-post-type=\"page\">\n\t\t\t\t<div class=\"elementor-element elementor-element-414f914 e-flex e-con-boxed e-con e-parent\" data-id=\"414f914\" data-element_type=\"container\" data-settings=\"{&quot;background_background&quot;:&quot;classic&quot;}\">\n\t\t\t\t\t<div class=\"e-con-inner\">\n\t\t\t\t<div class=\"elementor-element elementor-element-3406c5b elementor-widget elementor-widget-spacer\" data-id=\"3406c5b\" data-element_type=\"widget\" data-settings=\"{&quot;jc_floating_fx_translate_y&quot;:{&quot;unit&quot;:&quot;px&quot;,&quot;size&quot;:&quot;&quot;,&quot;sizes&quot;:[]}}\" data-widget_type=\"spacer.default\">\n\t\t\t\t<div class=\"elementor-widget-container\">\n\t\t\t\t\t\t\t<div class=\"elementor-spacer\">\n\t\t\t<div class=\"elementor-spacer-inner\"><\/div>\n\t\t<\/div>\n\t\t\t\t\t\t<\/div>\n\t\t\t\t<\/div>\n\t\t\t\t<div class=\"elementor-element elementor-element-4f0d9ea elementor-hidden-desktop elementor-hidden-tablet elementor-hidden-mobile elementor-widget elementor-widget-image\" data-id=\"4f0d9ea\" data-element_type=\"widget\" data-settings=\"{&quot;jc_floating_fx_translate_y&quot;:{&quot;unit&quot;:&quot;px&quot;,&quot;size&quot;:&quot;&quot;,&quot;sizes&quot;:[]}}\" data-widget_type=\"image.default\">\n\t\t\t\t<div class=\"elementor-widget-container\">\n\t\t\t\t\t\t\t\t\t\t\t\t\t\t\t<img fetchpriority=\"high\" decoding=\"async\" width=\"560\" height=\"560\" src=\"https:\/\/www.nextpremiumpils.be\/wp-content\/uploads\/2024\/11\/tray-can.jpg\" class=\"attachment-large size-large wp-image-39\" alt=\"\" srcset=\"https:\/\/www.nextpremiumpils.be\/wp-content\/uploads\/2024\/11\/tray-can.jpg 560w, https:\/\/www.nextpremiumpils.be\/wp-content\/uploads\/2024\/11\/tray-can-300x300.jpg 300w, https:\/\/www.nextpremiumpils.be\/wp-content\/uploads\/2024\/11\/tray-can-150x150.jpg 150w, https:\/\/www.nextpremiumpils.be\/wp-content\/uploads\/2024\/11\/tray-can-330x330.jpg 330w, https:\/\/www.nextpremiumpils.be\/wp-content\/uploads\/2024\/11\/tray-can-180x180.jpg 180w\" sizes=\"(max-width: 560px) 100vw, 560px\" \/>\t\t\t\t\t\t\t\t\t\t\t\t\t\t\t<\/div>\n\t\t\t\t<\/div>\n\t\t\t\t<div class=\"elementor-element elementor-element-eb18bf2 elementor-widget__width-initial elementor-widget elementor-widget-image\" data-id=\"eb18bf2\" data-element_type=\"widget\" data-settings=\"{&quot;jc_floating_fx_translate_y&quot;:{&quot;unit&quot;:&quot;px&quot;,&quot;size&quot;:&quot;&quot;,&quot;sizes&quot;:[]}}\" data-widget_type=\"image.default\">\n\t\t\t\t<div class=\"elementor-widget-container\">\n\t\t\t\t\t\t\t\t\t\t\t\t\t\t\t<img decoding=\"async\" width=\"750\" height=\"182\" src=\"https:\/\/www.nextpremiumpils.be\/wp-content\/uploads\/2024\/11\/Logo-Next-1024x249.png\" class=\"attachment-large size-large wp-image-18\" alt=\"\" srcset=\"https:\/\/www.nextpremiumpils.be\/wp-content\/uploads\/2024\/11\/Logo-Next-1024x249.png 1024w, https:\/\/www.nextpremiumpils.be\/wp-content\/uploads\/2024\/11\/Logo-Next-300x73.png 300w, https:\/\/www.nextpremiumpils.be\/wp-content\/uploads\/2024\/11\/Logo-Next-768x187.png 768w, https:\/\/www.nextpremiumpils.be\/wp-content\/uploads\/2024\/11\/Logo-Next-1536x374.png 1536w, https:\/\/www.nextpremiumpils.be\/wp-content\/uploads\/2024\/11\/Logo-Next-2048x499.png 2048w, https:\/\/www.nextpremiumpils.be\/wp-content\/uploads\/2024\/11\/Logo-Next-570x139.png 570w, https:\/\/www.nextpremiumpils.be\/wp-content\/uploads\/2024\/11\/Logo-Next-270x66.png 270w\" sizes=\"(max-width: 750px) 100vw, 750px\" \/>\t\t\t\t\t\t\t\t\t\t\t\t\t\t\t<\/div>\n\t\t\t\t<\/div>\n\t\t\t\t<div class=\"elementor-element elementor-element-6586771 elementor-widget__width-initial elementor-widget elementor-widget-heading\" data-id=\"6586771\" data-element_type=\"widget\" data-settings=\"{&quot;jc_floating_fx_translate_y&quot;:{&quot;unit&quot;:&quot;px&quot;,&quot;size&quot;:&quot;&quot;,&quot;sizes&quot;:[]}}\" data-widget_type=\"heading.default\">\n\t\t\t\t<div class=\"elementor-widget-container\">\n\t\t\t\t\t<h1 class=\"elementor-heading-title elementor-size-default\">Next Premium Pils<\/h1>\t\t\t\t<\/div>\n\t\t\t\t<\/div>\n\t\t\t\t<div class=\"elementor-element elementor-element-9390cf5 elementor-widget__width-initial elementor-widget elementor-widget-heading\" data-id=\"9390cf5\" data-element_type=\"widget\" data-settings=\"{&quot;jc_floating_fx_translate_y&quot;:{&quot;unit&quot;:&quot;px&quot;,&quot;size&quot;:&quot;&quot;,&quot;sizes&quot;:[]}}\" data-widget_type=\"heading.default\">\n\t\t\t\t<div class=\"elementor-widget-container\">\n\t\t\t\t\t<h2 class=\"elementor-heading-title elementor-size-default\">Al onze marketinginspanningen zijn ge\u00efnjecteerd in de verkoopprijs van onze heerlijke bieren.<\/h2>\t\t\t\t<\/div>\n\t\t\t\t<\/div>\n\t\t\t\t<div class=\"elementor-element elementor-element-bed721a elementor-widget__width-initial elementor-widget elementor-widget-image\" data-id=\"bed721a\" data-element_type=\"widget\" data-settings=\"{&quot;jc_floating_fx_translate_y&quot;:{&quot;unit&quot;:&quot;px&quot;,&quot;size&quot;:&quot;&quot;,&quot;sizes&quot;:[]}}\" data-widget_type=\"image.default\">\n\t\t\t\t<div class=\"elementor-widget-container\">\n\t\t\t\t\t\t\t\t\t\t\t\t\t\t\t<img decoding=\"async\" width=\"956\" height=\"500\" src=\"https:\/\/www.nextpremiumpils.be\/wp-content\/uploads\/2024\/11\/meme-nl.jpeg\" class=\"attachment-full size-full wp-image-83\" alt=\"\" srcset=\"https:\/\/www.nextpremiumpils.be\/wp-content\/uploads\/2024\/11\/meme-nl.jpeg 956w, https:\/\/www.nextpremiumpils.be\/wp-content\/uploads\/2024\/11\/meme-nl-300x157.jpeg 300w, https:\/\/www.nextpremiumpils.be\/wp-content\/uploads\/2024\/11\/meme-nl-768x402.jpeg 768w, https:\/\/www.nextpremiumpils.be\/wp-content\/uploads\/2024\/11\/meme-nl-570x298.jpeg 570w, https:\/\/www.nextpremiumpils.be\/wp-content\/uploads\/2024\/11\/meme-nl-270x141.jpeg 270w\" sizes=\"(max-width: 956px) 100vw, 956px\" \/>\t\t\t\t\t\t\t\t\t\t\t\t\t\t\t<\/div>\n\t\t\t\t<\/div>\n\t\t\t\t<div class=\"elementor-element elementor-element-3825484 elementor-widget__width-initial elementor-widget elementor-widget-heading\" data-id=\"3825484\" data-element_type=\"widget\" data-settings=\"{&quot;jc_floating_fx_translate_y&quot;:{&quot;unit&quot;:&quot;px&quot;,&quot;size&quot;:&quot;&quot;,&quot;sizes&quot;:[]}}\" data-widget_type=\"heading.default\">\n\t\t\t\t<div class=\"elementor-widget-container\">\n\t\t\t\t\t<h3 class=\"elementor-heading-title elementor-size-default\">We hebben nog steeds een contactformulier en een technische fiche:<\/h3>\t\t\t\t<\/div>\n\t\t\t\t<\/div>\n\t\t\t\t<div class=\"elementor-element elementor-element-2e0acba elementor-align-justify elementor-widget__width-initial elementor-widget elementor-widget-button\" data-id=\"2e0acba\" data-element_type=\"widget\" data-settings=\"{&quot;jc_floating_fx_translate_y&quot;:{&quot;unit&quot;:&quot;px&quot;,&quot;size&quot;:&quot;&quot;,&quot;sizes&quot;:[]}}\" data-widget_type=\"button.default\">\n\t\t\t\t<div class=\"elementor-widget-container\">\n\t\t\t\t\t\t\t\t\t<div class=\"elementor-button-wrapper\">\n\t\t\t\t\t<a class=\"elementor-button elementor-button-link elementor-size-sm\" href=\"https:\/\/www.nextpremiumpils.be\/nl\/contact\/\">\n\t\t\t\t\t\t<span class=\"elementor-button-content-wrapper\">\n\t\t\t\t\t\t\t\t\t<span class=\"elementor-button-text\">Contact<\/span>\n\t\t\t\t\t<\/span>\n\t\t\t\t\t<\/a>\n\t\t\t\t<\/div>\n\t\t\t\t\t\t\t\t<\/div>\n\t\t\t\t<\/div>\n\t\t\t\t<div class=\"elementor-element elementor-element-74bf329 elementor-align-justify elementor-widget__width-initial elementor-widget elementor-widget-button\" data-id=\"74bf329\" data-element_type=\"widget\" data-settings=\"{&quot;jc_floating_fx_translate_y&quot;:{&quot;unit&quot;:&quot;px&quot;,&quot;size&quot;:&quot;&quot;,&quot;sizes&quot;:[]}}\" data-widget_type=\"button.default\">\n\t\t\t\t<div class=\"elementor-widget-container\">\n\t\t\t\t\t\t\t\t\t<div class=\"elementor-button-wrapper\">\n\t\t\t\t\t<a class=\"elementor-button elementor-button-link elementor-size-sm\" href=\"https:\/\/www.nextpremiumpils.be\/nl\/info\/\">\n\t\t\t\t\t\t<span class=\"elementor-button-content-wrapper\">\n\t\t\t\t\t\t\t\t\t<span class=\"elementor-button-text\">Producteninformatie<\/span>\n\t\t\t\t\t<\/span>\n\t\t\t\t\t<\/a>\n\t\t\t\t<\/div>\n\t\t\t\t\t\t\t\t<\/div>\n\t\t\t\t<\/div>\n\t\t\t\t<div class=\"elementor-element elementor-element-439009e elementor-widget elementor-widget-spacer\" data-id=\"439009e\" data-element_type=\"widget\" data-settings=\"{&quot;jc_floating_fx_translate_y&quot;:{&quot;unit&quot;:&quot;px&quot;,&quot;size&quot;:&quot;&quot;,&quot;sizes&quot;:[]}}\" data-widget_type=\"spacer.default\">\n\t\t\t\t<div class=\"elementor-widget-container\">\n\t\t\t\t\t\t\t<div class=\"elementor-spacer\">\n\t\t\t<div class=\"elementor-spacer-inner\"><\/div>\n\t\t<\/div>\n\t\t\t\t\t\t<\/div>\n\t\t\t\t<\/div>\n\t\t\t\t\t<\/div>\n\t\t\t\t<\/div>\n\t\t\t\t<\/div>","protected":false},"excerpt":{"rendered":"<p>Next Premium Pils Tous nos efforts marketing ont \u00e9t\u00e9 inject\u00e9s dans le prix de vente de nos succulentes bi\u00e8res. On a quand m\u00eame un formulaire de contact et une fiche technique hein : Contact Informations produits<\/p>","protected":false},"author":1,"featured_media":167,"parent":0,"menu_order":0,"comment_status":"closed","ping_status":"closed","template":"","meta":{"footnotes":""},"class_list":["post-14","page","type-page","status-publish","has-post-thumbnail","hentry"],"yoast_head":"<!-- This site is optimized with the Yoast SEO plugin v27.5 - https:\/\/yoast.com\/product\/yoast-seo-wordpress\/ -->\n<title>L&#039;instant rafra\u00eechissant \u00e0 prix cass\u00e9 - Next Premium Pils<\/title>\n<meta name=\"description\" content=\"Next Premium Pils est une marque de bi\u00e8re \u00e0 prix cass\u00e9 en canette de 33cl et 50cl. Retrouvez-les dans les frigos de votre magasin.\" \/>\n<meta name=\"robots\" content=\"index, follow, max-snippet:-1, max-image-preview:large, max-video-preview:-1\" \/>\n<link rel=\"canonical\" href=\"https:\/\/www.nextpremiumpils.be\/nl\/\" \/>\n<meta property=\"og:locale\" content=\"nl_BE\" \/>\n<meta property=\"og:type\" content=\"article\" \/>\n<meta property=\"og:title\" content=\"L&#039;instant rafra\u00eechissant \u00e0 prix cass\u00e9 - Next Premium Pils\" \/>\n<meta property=\"og:description\" content=\"Next Premium Pils est une marque de bi\u00e8re \u00e0 prix cass\u00e9 en canette de 33cl et 50cl. Retrouvez-les dans les frigos de votre magasin.\" \/>\n<meta property=\"og:url\" content=\"https:\/\/www.nextpremiumpils.be\/nl\/\" \/>\n<meta property=\"og:site_name\" content=\"Next Premium Pils\" \/>\n<meta property=\"article:publisher\" content=\"https:\/\/www.facebook.com\/profile.php?id=61556716918536\" \/>\n<meta property=\"article:modified_time\" content=\"2025-04-16T08:10:17+00:00\" \/>\n<meta property=\"og:image\" content=\"https:\/\/www.nextpremiumpils.be\/wp-content\/uploads\/2025\/03\/Tray2.jpg\" \/>\n\t<meta property=\"og:image:width\" content=\"1024\" \/>\n\t<meta property=\"og:image:height\" content=\"1024\" \/>\n\t<meta property=\"og:image:type\" content=\"image\/jpeg\" \/>\n<meta name=\"twitter:card\" content=\"summary_large_image\" \/>\n<meta name=\"twitter:label1\" content=\"Geschatte leestijd\" \/>\n\t<meta name=\"twitter:data1\" content=\"1 minuut\" \/>\n<script type=\"application\/ld+json\" class=\"yoast-schema-graph\">{\"@context\":\"https:\\\/\\\/schema.org\",\"@graph\":[{\"@type\":\"WebPage\",\"@id\":\"https:\\\/\\\/www.nextpremiumpils.be\\\/\",\"url\":\"https:\\\/\\\/www.nextpremiumpils.be\\\/\",\"name\":\"L'instant rafra\u00eechissant \u00e0 prix cass\u00e9 - Next Premium Pils\",\"isPartOf\":{\"@id\":\"https:\\\/\\\/www.nextpremiumpils.be\\\/#website\"},\"primaryImageOfPage\":{\"@id\":\"https:\\\/\\\/www.nextpremiumpils.be\\\/#primaryimage\"},\"image\":{\"@id\":\"https:\\\/\\\/www.nextpremiumpils.be\\\/#primaryimage\"},\"thumbnailUrl\":\"https:\\\/\\\/www.nextpremiumpils.be\\\/wp-content\\\/uploads\\\/2025\\\/03\\\/Tray2.jpg\",\"datePublished\":\"2024-11-18T13:22:09+00:00\",\"dateModified\":\"2025-04-16T08:10:17+00:00\",\"description\":\"Next Premium Pils est une marque de bi\u00e8re \u00e0 prix cass\u00e9 en canette de 33cl et 50cl. Retrouvez-les dans les frigos de votre magasin.\",\"breadcrumb\":{\"@id\":\"https:\\\/\\\/www.nextpremiumpils.be\\\/#breadcrumb\"},\"inLanguage\":\"nl-BE\",\"potentialAction\":[{\"@type\":\"ReadAction\",\"target\":[\"https:\\\/\\\/www.nextpremiumpils.be\\\/\"]}]},{\"@type\":\"ImageObject\",\"inLanguage\":\"nl-BE\",\"@id\":\"https:\\\/\\\/www.nextpremiumpils.be\\\/#primaryimage\",\"url\":\"https:\\\/\\\/www.nextpremiumpils.be\\\/wp-content\\\/uploads\\\/2025\\\/03\\\/Tray2.jpg\",\"contentUrl\":\"https:\\\/\\\/www.nextpremiumpils.be\\\/wp-content\\\/uploads\\\/2025\\\/03\\\/Tray2.jpg\",\"width\":1024,\"height\":1024},{\"@type\":\"BreadcrumbList\",\"@id\":\"https:\\\/\\\/www.nextpremiumpils.be\\\/#breadcrumb\",\"itemListElement\":[{\"@type\":\"ListItem\",\"position\":1,\"name\":\"Accueil\",\"item\":\"https:\\\/\\\/www.nextpremiumpils.be\\\/\"},{\"@type\":\"ListItem\",\"position\":2,\"name\":\"L&#8217;instant rafra\u00eechissant \u00e0 prix cass\u00e9\"}]},{\"@type\":\"WebSite\",\"@id\":\"https:\\\/\\\/www.nextpremiumpils.be\\\/#website\",\"url\":\"https:\\\/\\\/www.nextpremiumpils.be\\\/\",\"name\":\"Next Premium Pils\",\"description\":\"La bi\u00e8re \u00e0 prix cass\u00e9\",\"publisher\":{\"@id\":\"https:\\\/\\\/www.nextpremiumpils.be\\\/#organization\"},\"potentialAction\":[{\"@type\":\"SearchAction\",\"target\":{\"@type\":\"EntryPoint\",\"urlTemplate\":\"https:\\\/\\\/www.nextpremiumpils.be\\\/?s={search_term_string}\"},\"query-input\":{\"@type\":\"PropertyValueSpecification\",\"valueRequired\":true,\"valueName\":\"search_term_string\"}}],\"inLanguage\":\"nl-BE\"},{\"@type\":\"Organization\",\"@id\":\"https:\\\/\\\/www.nextpremiumpils.be\\\/#organization\",\"name\":\"Next Premium Pils\",\"url\":\"https:\\\/\\\/www.nextpremiumpils.be\\\/\",\"logo\":{\"@type\":\"ImageObject\",\"inLanguage\":\"nl-BE\",\"@id\":\"https:\\\/\\\/www.nextpremiumpils.be\\\/#\\\/schema\\\/logo\\\/image\\\/\",\"url\":\"https:\\\/\\\/www.nextpremiumpils.be\\\/wp-content\\\/uploads\\\/2024\\\/11\\\/Logo-Next.png\",\"contentUrl\":\"https:\\\/\\\/www.nextpremiumpils.be\\\/wp-content\\\/uploads\\\/2024\\\/11\\\/Logo-Next.png\",\"width\":2284,\"height\":556,\"caption\":\"Next Premium Pils\"},\"image\":{\"@id\":\"https:\\\/\\\/www.nextpremiumpils.be\\\/#\\\/schema\\\/logo\\\/image\\\/\"},\"sameAs\":[\"https:\\\/\\\/www.facebook.com\\\/profile.php?id=61556716918536\",\"https:\\\/\\\/www.instagram.com\\\/nextpremiumpils\"]}]}<\/script>\n<!-- \/ Yoast SEO plugin. -->","yoast_head_json":{"title":"L'instant rafra\u00eechissant \u00e0 prix cass\u00e9 - Next Premium Pils","description":"Next Premium Pils est une marque de bi\u00e8re \u00e0 prix cass\u00e9 en canette de 33cl et 50cl. Retrouvez-les dans les frigos de votre magasin.","robots":{"index":"index","follow":"follow","max-snippet":"max-snippet:-1","max-image-preview":"max-image-preview:large","max-video-preview":"max-video-preview:-1"},"canonical":"https:\/\/www.nextpremiumpils.be\/nl\/","og_locale":"nl_BE","og_type":"article","og_title":"L'instant rafra\u00eechissant \u00e0 prix cass\u00e9 - Next Premium Pils","og_description":"Next Premium Pils est une marque de bi\u00e8re \u00e0 prix cass\u00e9 en canette de 33cl et 50cl. Retrouvez-les dans les frigos de votre magasin.","og_url":"https:\/\/www.nextpremiumpils.be\/nl\/","og_site_name":"Next Premium Pils","article_publisher":"https:\/\/www.facebook.com\/profile.php?id=61556716918536","article_modified_time":"2025-04-16T08:10:17+00:00","og_image":[{"width":1024,"height":1024,"url":"https:\/\/www.nextpremiumpils.be\/wp-content\/uploads\/2025\/03\/Tray2.jpg","type":"image\/jpeg"}],"twitter_card":"summary_large_image","twitter_misc":{"Geschatte leestijd":"1 minuut"},"schema":{"@context":"https:\/\/schema.org","@graph":[{"@type":"WebPage","@id":"https:\/\/www.nextpremiumpils.be\/","url":"https:\/\/www.nextpremiumpils.be\/","name":"L'instant rafra\u00eechissant \u00e0 prix cass\u00e9 - Next Premium Pils","isPartOf":{"@id":"https:\/\/www.nextpremiumpils.be\/#website"},"primaryImageOfPage":{"@id":"https:\/\/www.nextpremiumpils.be\/#primaryimage"},"image":{"@id":"https:\/\/www.nextpremiumpils.be\/#primaryimage"},"thumbnailUrl":"https:\/\/www.nextpremiumpils.be\/wp-content\/uploads\/2025\/03\/Tray2.jpg","datePublished":"2024-11-18T13:22:09+00:00","dateModified":"2025-04-16T08:10:17+00:00","description":"Next Premium Pils est une marque de bi\u00e8re \u00e0 prix cass\u00e9 en canette de 33cl et 50cl. Retrouvez-les dans les frigos de votre magasin.","breadcrumb":{"@id":"https:\/\/www.nextpremiumpils.be\/#breadcrumb"},"inLanguage":"nl-BE","potentialAction":[{"@type":"ReadAction","target":["https:\/\/www.nextpremiumpils.be\/"]}]},{"@type":"ImageObject","inLanguage":"nl-BE","@id":"https:\/\/www.nextpremiumpils.be\/#primaryimage","url":"https:\/\/www.nextpremiumpils.be\/wp-content\/uploads\/2025\/03\/Tray2.jpg","contentUrl":"https:\/\/www.nextpremiumpils.be\/wp-content\/uploads\/2025\/03\/Tray2.jpg","width":1024,"height":1024},{"@type":"BreadcrumbList","@id":"https:\/\/www.nextpremiumpils.be\/#breadcrumb","itemListElement":[{"@type":"ListItem","position":1,"name":"Accueil","item":"https:\/\/www.nextpremiumpils.be\/"},{"@type":"ListItem","position":2,"name":"L&#8217;instant rafra\u00eechissant \u00e0 prix cass\u00e9"}]},{"@type":"WebSite","@id":"https:\/\/www.nextpremiumpils.be\/#website","url":"https:\/\/www.nextpremiumpils.be\/","name":"Next Premium Pils","description":"La bi\u00e8re \u00e0 prix cass\u00e9","publisher":{"@id":"https:\/\/www.nextpremiumpils.be\/#organization"},"potentialAction":[{"@type":"SearchAction","target":{"@type":"EntryPoint","urlTemplate":"https:\/\/www.nextpremiumpils.be\/?s={search_term_string}"},"query-input":{"@type":"PropertyValueSpecification","valueRequired":true,"valueName":"search_term_string"}}],"inLanguage":"nl-BE"},{"@type":"Organization","@id":"https:\/\/www.nextpremiumpils.be\/#organization","name":"Next Premium Pils","url":"https:\/\/www.nextpremiumpils.be\/","logo":{"@type":"ImageObject","inLanguage":"nl-BE","@id":"https:\/\/www.nextpremiumpils.be\/#\/schema\/logo\/image\/","url":"https:\/\/www.nextpremiumpils.be\/wp-content\/uploads\/2024\/11\/Logo-Next.png","contentUrl":"https:\/\/www.nextpremiumpils.be\/wp-content\/uploads\/2024\/11\/Logo-Next.png","width":2284,"height":556,"caption":"Next Premium Pils"},"image":{"@id":"https:\/\/www.nextpremiumpils.be\/#\/schema\/logo\/image\/"},"sameAs":["https:\/\/www.facebook.com\/profile.php?id=61556716918536","https:\/\/www.instagram.com\/nextpremiumpils"]}]}},"_links":{"self":[{"href":"https:\/\/www.nextpremiumpils.be\/nl\/wp-json\/wp\/v2\/pages\/14","targetHints":{"allow":["GET"]}}],"collection":[{"href":"https:\/\/www.nextpremiumpils.be\/nl\/wp-json\/wp\/v2\/pages"}],"about":[{"href":"https:\/\/www.nextpremiumpils.be\/nl\/wp-json\/wp\/v2\/types\/page"}],"author":[{"embeddable":true,"href":"https:\/\/www.nextpremiumpils.be\/nl\/wp-json\/wp\/v2\/users\/1"}],"replies":[{"embeddable":true,"href":"https:\/\/www.nextpremiumpils.be\/nl\/wp-json\/wp\/v2\/comments?post=14"}],"version-history":[{"count":59,"href":"https:\/\/www.nextpremiumpils.be\/nl\/wp-json\/wp\/v2\/pages\/14\/revisions"}],"predecessor-version":[{"id":193,"href":"https:\/\/www.nextpremiumpils.be\/nl\/wp-json\/wp\/v2\/pages\/14\/revisions\/193"}],"wp:featuredmedia":[{"embeddable":true,"href":"https:\/\/www.nextpremiumpils.be\/nl\/wp-json\/wp\/v2\/media\/167"}],"wp:attachment":[{"href":"https:\/\/www.nextpremiumpils.be\/nl\/wp-json\/wp\/v2\/media?parent=14"}],"curies":[{"name":"wp","href":"https:\/\/api.w.org\/{rel}","templated":true}]}}